{"id":9,"date":"2019-02-18T19:14:18","date_gmt":"2019-02-18T19:14:18","guid":{"rendered":"https:\/\/klacon.com.br\/novo\/?page_id=9"},"modified":"2025-07-10T02:09:36","modified_gmt":"2025-07-10T02:09:36","slug":"inicio","status":"publish","type":"page","link":"https:\/\/klacon.com.br\/novo\/","title":{"rendered":"Inicio"},"content":{"rendered":"<p>[vc_row][vc_column][vc_empty_space height=&#8221;50px&#8221;][vc_column_text animation_duration=&#8221;1&#8243; animation_delay=&#8221;0&#8243;]<\/p>\n<div class=\"aio-ibd-block\">\n<div class=\"aio-icon-header\">\n<h4 style=\"text-align: center;\">EXPERI\u00caNCIA NA CONSTRU\u00c7AO DE EMPREENDIMENTOS RESIDENCIAIS, COMERCIAIS, CENTROS M\u00c9DICOS, SHOPPING CENTERS, HOTEIS, CONDOMINIOS DE GRANDE PORTE, SELF STORAGE E COMPLEXOS CEMITERIAIS.<\/h4>\n<\/div>\n<\/div>\n<p>[\/vc_column_text][vc_empty_space height=&#8221;50px&#8221;][vc_row_inner][vc_column_inner width=&#8221;1\/2&#8243;][zad_icon_box icon_type=&#8221;custom&#8221; icon_img=&#8221;46&#8243; img_width=&#8221;34&#8243; title=&#8221;44 ANOS DE HIST\u00d3RIA.&#8221; animation_duration=&#8221;1&#8243; animation_delay=&#8221;0&#8243; title_text_typography=&#8221;&#8221; title_font_container=&#8221;h4&#8243; desc_text_typography=&#8221;&#8221;][\/zad_icon_box][zad_icon_box icon_type=&#8221;custom&#8221; icon_img=&#8221;47&#8243; img_width=&#8221;34&#8243; title=&#8221;MAIS DE 300.000 m\u00b2 CONSTRU\u00cdDOS.&#8221; animation_duration=&#8221;1&#8243; animation_delay=&#8221;0&#8243; title_font_container=&#8221;h4&#8243;][\/zad_icon_box][zad_icon_box icon_type=&#8221;custom&#8221; icon_img=&#8221;44&#8243; img_width=&#8221;34&#8243; title=&#8221;CONFIAN\u00c7A E PONTUALIDADE.&#8221; animation_duration=&#8221;1&#8243; animation_delay=&#8221;0&#8243; title_font_container=&#8221;h4&#8243;][\/zad_icon_box][\/vc_column_inner][vc_column_inner width=&#8221;1\/2&#8243;][zad_icon_box icon_type=&#8221;custom&#8221; icon_img=&#8221;48&#8243; img_width=&#8221;34&#8243; title=&#8221;PROJETOS COM QUALIDADE E BOM GOSTO.&#8221; animation_duration=&#8221;1&#8243; animation_delay=&#8221;0&#8243; title_font_container=&#8221;h4&#8243;][\/zad_icon_box][zad_icon_box icon_type=&#8221;custom&#8221; icon_img=&#8221;49&#8243; img_width=&#8221;34&#8243; title=&#8221;TECNOLOGIA E INFORMA\u00c7\u00c3O.&#8221; animation_duration=&#8221;1&#8243; animation_delay=&#8221;0&#8243; title_font_container=&#8221;h4&#8243;][\/zad_icon_box][zad_icon_box icon_type=&#8221;custom&#8221; icon_img=&#8221;414&#8243; img_width=&#8221;34&#8243; title=&#8221;EXCEL\u00caNCIA EM ACABAMENTOS.&#8221; animation_duration=&#8221;1&#8243; animation_delay=&#8221;0&#8243; title_font_container=&#8221;h4&#8243;][\/zad_icon_box][\/vc_column_inner][\/vc_row_inner][\/vc_column][\/vc_row][vc_row][vc_column]<div id=\"kp_button_69f6e5cfa20bb\" class=\"kp_button-wrapper kp_button-align-center\"><a  style=\"background: #55c0c2;color: #ffffff; \" data-bg-color=\"#55c0c2\" data-text-color=\"#ffffff\" data-hover-bg-color=\"#ffffff\" data-hover-text-color=\"#55c0c2\" class=\"button kp_button no-transition  kp_button-sm kp_button-rounded \" href=\"https:\/\/klacon.com.br\/novo\/a-klacon\/\" title=\"\" target=\"_self\"><span class=\"btn_text\"> CONHECA NOSSA HIST\u00d3RIA<\/span><\/a><\/div>\n\t<style scoped>\r\n#kp_button_69f6e5cfa20bb a.kp_button-outlined , #kp_button_69f6e5cfa20bb a.kp_button-round_outlined ,#kp_button_69f6e5cfa20bb a.kp_button-square_outlined {border:2px solid ;}\r\n#kp_button_69f6e5cfa20bb .kp_button-underline::after {background-color:#55c0c2!important;}\r\n<\/style>[\/vc_column][\/vc_row]<\/p>\n","protected":false},"excerpt":{"rendered":"<p>[vc_row][vc_column][vc_empty_space height=&#8221;50px&#8221;][vc_column_text animation_duration=&#8221;1&#8243; animation_delay=&#8221;0&#8243;] EXPERI\u00caNCIA NA CONSTRU\u00c7AO DE EMPREENDIMENTOS RESIDENCIAIS, COMERCIAIS, CENTROS M\u00c9DICOS, SHOPPING CENTERS, HOTEIS, CONDOMINIOS DE GRANDE PORTE, SELF STORAGE E COMPLEXOS CEMITERIAIS. [\/vc_column_text][vc_empty_space height=&#8221;50px&#8221;][vc_row_inner][vc_column_inner width=&#8221;1\/2&#8243;][zad_icon_box icon_type=&#8221;custom&#8221; icon_img=&#8221;46&#8243; img_width=&#8221;34&#8243; title=&#8221;44 ANOS DE HIST\u00d3RIA.&#8221; animation_duration=&#8221;1&#8243; animation_delay=&#8221;0&#8243; title_text_typography=&#8221;&#8221; title_font_container=&#8221;h4&#8243; desc_text_typography=&#8221;&#8221;][\/zad_icon_box][zad_icon_box icon_type=&#8221;custom&#8221; icon_img=&#8221;47&#8243; img_width=&#8221;34&#8243; title=&#8221;MAIS DE 300.000 m\u00b2 CONSTRU\u00cdDOS.&#8221; animation_duration=&#8221;1&#8243; animation_delay=&#8221;0&#8243; title_font_container=&#8221;h4&#8243;][\/zad_icon_box][zad_icon_box icon_type=&#8221;custom&#8221; icon_img=&#8221;44&#8243; img_width=&#8221;34&#8243; title=&#8221;CONFIAN\u00c7A&#8230;<\/p>\n","protected":false},"author":3,"featured_media":0,"parent":0,"menu_order":0,"comment_status":"closed","ping_status":"closed","template":"","meta":{"footnotes":""},"class_list":["post-9","page","type-page","status-publish","hentry"],"_links":{"self":[{"href":"https:\/\/klacon.com.br\/novo\/wp-json\/wp\/v2\/pages\/9"}],"collection":[{"href":"https:\/\/klacon.com.br\/novo\/wp-json\/wp\/v2\/pages"}],"about":[{"href":"https:\/\/klacon.com.br\/novo\/wp-json\/wp\/v2\/types\/page"}],"author":[{"embeddable":true,"href":"https:\/\/klacon.com.br\/novo\/wp-json\/wp\/v2\/users\/3"}],"replies":[{"embeddable":true,"href":"https:\/\/klacon.com.br\/novo\/wp-json\/wp\/v2\/comments?post=9"}],"version-history":[{"count":28,"href":"https:\/\/klacon.com.br\/novo\/wp-json\/wp\/v2\/pages\/9\/revisions"}],"predecessor-version":[{"id":4732,"href":"https:\/\/klacon.com.br\/novo\/wp-json\/wp\/v2\/pages\/9\/revisions\/4732"}],"wp:attachment":[{"href":"https:\/\/klacon.com.br\/novo\/wp-json\/wp\/v2\/media?parent=9"}],"curies":[{"name":"wp","href":"https:\/\/api.w.org\/{rel}","templated":true}]}}