{"id":641,"date":"2019-04-24T23:50:36","date_gmt":"2019-04-24T23:50:36","guid":{"rendered":"https:\/\/klacon.com.br\/novo\/?page_id=641"},"modified":"2019-07-30T12:18:18","modified_gmt":"2019-07-30T12:18:18","slug":"prime-tijuca","status":"publish","type":"page","link":"https:\/\/klacon.com.br\/novo\/imoveis-venda\/prime-tijuca\/","title":{"rendered":"Prime Tijuca"},"content":{"rendered":"<p>[vc_row][vc_column][vc_empty_space][vc_column_text animation_duration=&#8221;1&#8243; animation_delay=&#8221;0&#8243;]Moderno e autoral, o Prime \u00e9 a sua oportunidade de viver na Tijuca de um jeito personalizado e exclusivo. Com uma arquitetura contempor\u00e2nea aliada a revestimentos elegantes, a fachada transmite sofistica\u00e7\u00e3o e simplicidade.<\/p>\n<p>Os detalhes foram concebidos para tornar o projeto atemporal, assumindo uma refer\u00eania de bom gosto para o local.[\/vc_column_text][vc_empty_space][vc_row_inner][vc_column_inner width=&#8221;1\/2&#8243;][zad_icon_box icon_type=&#8221;custom&#8221; icon_img=&#8221;75&#8243; img_width=&#8221;48&#8243; title=&#8221;Rua Homem de Melo, 136&#8243; animation_duration=&#8221;1&#8243; animation_delay=&#8221;0&#8243; title_font_container=&#8221;h5&#8243;][\/zad_icon_box][zad_icon_box icon_type=&#8221;custom&#8221; icon_img=&#8221;73&#8243; img_width=&#8221;48&#8243; title=&#8221;Sal\u00e3o de Festas&#8221; animation_duration=&#8221;1&#8243; animation_delay=&#8221;0&#8243; title_font_container=&#8221;h5&#8243;][\/zad_icon_box][\/vc_column_inner][vc_column_inner width=&#8221;1\/2&#8243;][zad_icon_box icon_type=&#8221;custom&#8221; icon_img=&#8221;72&#8243; img_width=&#8221;48&#8243; title=&#8221;3 quartos, 2 com su\u00edte&#8221; animation_duration=&#8221;1&#8243; animation_delay=&#8221;0&#8243; title_font_container=&#8221;h5&#8243;][\/zad_icon_box][zad_icon_box icon_type=&#8221;custom&#8221; icon_img=&#8221;74&#8243; img_width=&#8221;48&#8243; title=&#8221;Vaga na Garagem&#8221; animation_duration=&#8221;1&#8243; animation_delay=&#8221;0&#8243; title_font_container=&#8221;h5&#8243;][\/zad_icon_box][\/vc_column_inner][\/vc_row_inner][vc_row_inner][vc_column_inner width=&#8221;1\/2&#8243;][\/vc_column_inner][vc_column_inner width=&#8221;1\/2&#8243;][\/vc_column_inner][\/vc_row_inner][\/vc_column][\/vc_row][vc_row][vc_column][vc_text_separator title=&#8221;IMAGENS&#8221; color=&#8221;custom&#8221; border_width=&#8221;2&#8243; accent_color=&#8221;#52c3c4&#8243;][vc_empty_space]<div id=\"ult-carousel-164022431469f5e88d0b595\" class=\" ult-carousel-wrapper ult_horizontal\" data-gutter=\"15\"><div class=\"ult-carousel-46055804469f5e88d0b58d \">[vc_single_image image=&#8221;82&#8243; onclick=&#8221;link_image&#8221; animation_duration=&#8221;1&#8243; animation_delay=&#8221;0&#8243;][vc_single_image image=&#8221;83&#8243; onclick=&#8221;link_image&#8221; animation_duration=&#8221;1&#8243; animation_delay=&#8221;0&#8243;][vc_single_image image=&#8221;80&#8243; onclick=&#8221;link_image&#8221; animation_duration=&#8221;1&#8243; animation_delay=&#8221;0&#8243;][vc_single_image image=&#8221;81&#8243; onclick=&#8221;link_image&#8221; animation_duration=&#8221;1&#8243; animation_delay=&#8221;0&#8243;][vc_single_image image=&#8221;1570&#8243; onclick=&#8221;link_image&#8221; animation_duration=&#8221;1&#8243; animation_delay=&#8221;0&#8243;]<\/div><\/div>\r\n            <script type=\"text\/javascript\">\r\r\n\t\t\t\tjQuery(document).ready(function($){\r\r\n               \t\t$('.ult-carousel-46055804469f5e88d0b58d').slick({dots: true,autoplaySpeed: 5000,speed: 300,infinite: false,arrows: true,nextArrow: '<button type=\"button\" style=\"color:#52c3c4; font-size:50px;\" class=\"slick-next default\"><i class=\"ultsl-arrow-right4\"><\/i><\/button>',prevArrow: '<button type=\"button\" style=\"color:#52c3c4; font-size:50px;\" class=\"slick-prev default\"><i class=\"ultsl-arrow-left4\"><\/i><\/button>',slidesToScroll:5,slidesToShow:5,swipe: true,draggable: true,touchMove: true,responsive: [\r\r\n\t\t\t\t\t\t\t{\r\r\n\t\t\t\t\t\t\t  breakpoint: 1025,\r\r\n\t\t\t\t\t\t\t  settings: {\r\r\n\t\t\t\t\t\t\t\tslidesToShow: 5,\r\r\n\t\t\t\t\t\t\t\tslidesToScroll: 5,\r\r\n\t\t\t\t\t\t\t\t\r\r\n\t\t\t\t\t\t\t\t\r\r\n\t\t\t\t\t\t\t  }\r\r\n\t\t\t\t\t\t\t},\r\r\n\t\t\t\t\t\t\t{\r\r\n\t\t\t\t\t\t\t  breakpoint: 769,\r\r\n\t\t\t\t\t\t\t  settings: {\r\r\n\t\t\t\t\t\t\t\tslidesToShow: 3,\r\r\n\t\t\t\t\t\t\t\tslidesToScroll: 3\r\r\n\t\t\t\t\t\t\t  }\r\r\n\t\t\t\t\t\t\t},\r\r\n\t\t\t\t\t\t\t{\r\r\n\t\t\t\t\t\t\t  breakpoint: 481,\r\r\n\t\t\t\t\t\t\t  settings: {\r\r\n\t\t\t\t\t\t\t\tslidesToShow: 2,\r\r\n\t\t\t\t\t\t\t\tslidesToScroll: 2\r\r\n\t\t\t\t\t\t\t  }\r\r\n\t\t\t\t\t\t\t}\r\r\n\t\t\t\t\t\t],pauseOnHover: true,\r\r\n\t\t\t\t\t\tpauseOnDotsHover: true,customPaging: function(slider, i) {\r\r\n                   return '<i type=\"button\" style=\"color:#333333;\" class=\"ultsl-record\" data-role=\"none\"><\/i>';\r\r\n                },});\r\r\n\t\t\t\t});\r\r\n\t\t\t<\/script>\r\r\n            [vc_empty_space][\/vc_column][\/vc_row][vc_row][vc_column][vc_empty_space][vc_text_separator title=&#8221;PLANTAS&#8221; color=&#8221;custom&#8221; border_width=&#8221;2&#8243; accent_color=&#8221;#52c3c4&#8243;][vc_empty_space]<div id=\"ult-carousel-213319259869f5e88d0b5c8\" class=\" ult-carousel-wrapper ult_horizontal\" data-gutter=\"15\"><div class=\"ult-carousel-22967159869f5e88d0b5c3 \">[vc_row_inner][vc_column_inner][vc_column_text animation_duration=&#8221;1&#8243; animation_delay=&#8221;0&#8243;]<\/p>\n<p style=\"text-align: center;\">Apartamentos 101 e 102<\/p>\n<p>[\/vc_column_text][vc_empty_space][vc_single_image image=&#8221;87&#8243; img_size=&#8221;full&#8221; alignment=&#8221;center&#8221; onclick=&#8221;link_image&#8221; animation_duration=&#8221;1&#8243; animation_delay=&#8221;0&#8243;][\/vc_column_inner][\/vc_row_inner][vc_row_inner][vc_column_inner][vc_column_text animation_duration=&#8221;1&#8243; animation_delay=&#8221;0&#8243;]<\/p>\n<p style=\"text-align: center;\">Apartamento 301<\/p>\n<p>[\/vc_column_text][vc_empty_space][vc_single_image image=&#8221;88&#8243; img_size=&#8221;full&#8221; alignment=&#8221;center&#8221; onclick=&#8221;link_image&#8221; animation_duration=&#8221;1&#8243; animation_delay=&#8221;0&#8243;][\/vc_column_inner][\/vc_row_inner][vc_row_inner][vc_column_inner][vc_column_text animation_duration=&#8221;1&#8243; animation_delay=&#8221;0&#8243;]<\/p>\n<p style=\"text-align: center;\">Apartamento 304<\/p>\n<p>[\/vc_column_text][vc_empty_space][vc_single_image image=&#8221;89&#8243; img_size=&#8221;full&#8221; alignment=&#8221;center&#8221; onclick=&#8221;link_image&#8221; animation_duration=&#8221;1&#8243; animation_delay=&#8221;0&#8243;][\/vc_column_inner][\/vc_row_inner]<\/div><\/div>\r\n            <script type=\"text\/javascript\">\r\r\n\t\t\t\tjQuery(document).ready(function($){\r\r\n               \t\t$('.ult-carousel-22967159869f5e88d0b5c3').slick({dots: true,autoplaySpeed: 5000,speed: 300,infinite: false,arrows: true,nextArrow: '<button type=\"button\" style=\"color:#52c3c4; font-size:50px;\" class=\"slick-next default\"><i class=\"ultsl-arrow-right4\"><\/i><\/button>',prevArrow: '<button type=\"button\" style=\"color:#52c3c4; font-size:50px;\" class=\"slick-prev default\"><i class=\"ultsl-arrow-left4\"><\/i><\/button>',slidesToScroll:1,slidesToShow:1,swipe: true,draggable: true,touchMove: true,responsive: [\r\r\n\t\t\t\t\t\t\t{\r\r\n\t\t\t\t\t\t\t  breakpoint: 1025,\r\r\n\t\t\t\t\t\t\t  settings: {\r\r\n\t\t\t\t\t\t\t\tslidesToShow: 1,\r\r\n\t\t\t\t\t\t\t\tslidesToScroll: 1,\r\r\n\t\t\t\t\t\t\t\t\r\r\n\t\t\t\t\t\t\t\t\r\r\n\t\t\t\t\t\t\t  }\r\r\n\t\t\t\t\t\t\t},\r\r\n\t\t\t\t\t\t\t{\r\r\n\t\t\t\t\t\t\t  breakpoint: 769,\r\r\n\t\t\t\t\t\t\t  settings: {\r\r\n\t\t\t\t\t\t\t\tslidesToShow: 1,\r\r\n\t\t\t\t\t\t\t\tslidesToScroll: 1\r\r\n\t\t\t\t\t\t\t  }\r\r\n\t\t\t\t\t\t\t},\r\r\n\t\t\t\t\t\t\t{\r\r\n\t\t\t\t\t\t\t  breakpoint: 481,\r\r\n\t\t\t\t\t\t\t  settings: {\r\r\n\t\t\t\t\t\t\t\tslidesToShow: 1,\r\r\n\t\t\t\t\t\t\t\tslidesToScroll: 1\r\r\n\t\t\t\t\t\t\t  }\r\r\n\t\t\t\t\t\t\t}\r\r\n\t\t\t\t\t\t],pauseOnHover: true,\r\r\n\t\t\t\t\t\tpauseOnDotsHover: true,customPaging: function(slider, i) {\r\r\n                   return '<i type=\"button\" style=\"color:#333333;\" class=\"ultsl-record\" data-role=\"none\"><\/i>';\r\r\n                },});\r\r\n\t\t\t\t});\r\r\n\t\t\t<\/script>\r\r\n            [vc_empty_space][\/vc_column][\/vc_row][vc_row][vc_column][vc_text_separator title=&#8221;CADASTRO&#8221; color=&#8221;custom&#8221; border_width=&#8221;2&#8243; accent_color=&#8221;#52c3c4&#8243;][vc_column_text animation_duration=&#8221;1&#8243; animation_delay=&#8221;0&#8243;]<\/p>\n<p style=\"text-align: center;\">CADASTRE-SE PARA RECEBER MAIS INFORMA\u00c7\u00d5ES<\/p>\n<p>[\/vc_column_text][vc_empty_space][vc_column_text animation_duration=&#8221;1&#8243; animation_delay=&#8221;0&#8243;]<\/p>\n<div class=\"caldera-grid\" id=\"caldera_form_1\" data-cf-ver=\"1.7.6\" data-cf-form-id=\"CF5c6d9b2fc53b4\"><div id=\"caldera_notices_1\" data-spinner=\"https:\/\/klacon.com.br\/novo\/wp-admin\/images\/spinner.gif\"><\/div><form data-instance=\"1\" class=\"CF5c6d9b2fc53b4 caldera_forms_form cfajax-trigger\" method=\"POST\" enctype=\"multipart\/form-data\" id=\"CF5c6d9b2fc53b4_1\" data-form-id=\"CF5c6d9b2fc53b4\" aria-label=\"Cadastro\" data-target=\"#caldera_notices_1\" data-template=\"#cfajax_CF5c6d9b2fc53b4-tmpl\" data-cfajax=\"CF5c6d9b2fc53b4\" data-load-element=\"_parent\" data-load-class=\"cf_processing\" data-post-disable=\"0\" data-action=\"cf_process_ajax_submit\" data-request=\"https:\/\/klacon.com.br\/novo\/cf-api\/CF5c6d9b2fc53b4\" data-hiderows=\"true\">\r\n<input type=\"hidden\" id=\"_cf_verify_CF5c6d9b2fc53b4\" name=\"_cf_verify\" value=\"987d5c0503\"  data-nonce-time=\"1777723533\" \/><input type=\"hidden\" name=\"_wp_http_referer\" value=\"\/novo\/wp-json\/wp\/v2\/pages\/641\" \/><input type=\"hidden\" name=\"_cf_frm_id\" value=\"CF5c6d9b2fc53b4\">\r\n<input type=\"hidden\" name=\"_cf_frm_ct\" value=\"1\">\r\n<input type=\"hidden\" name=\"cfajax\" value=\"CF5c6d9b2fc53b4\">\r\n<input type=\"hidden\" name=\"_cf_cr_pst\" value=\"641\">\r\n<div class=\"hide\" style=\"display:none; overflow:hidden;height:0;width:0;\">\r\n<label>Company<\/label><input type=\"text\" name=\"company\" value=\"\" autocomplete=\"off\">\r\n<\/div><div id=\"CF5c6d9b2fc53b4_1-row-1\"  class=\"row  first_row\"><div  class=\"col-sm-4  first_col\"><div data-field-wrapper=\"fld_8768091\" class=\"form-group\" id=\"fld_8768091_1-wrap\">\r\n\t<label id=\"fld_8768091Label\" for=\"fld_8768091_1\" class=\"control-label\">Nome <span aria-hidden=\"true\" role=\"presentation\" class=\"field_required\" style=\"color:#ee0000;\">*<\/span><\/label>\r\n\t<div class=\"\">\r\n\t\t<input   required type=\"text\" data-field=\"fld_8768091\" class=\" form-control\" id=\"fld_8768091_1\" name=\"fld_8768091\" value=\"\" data-type=\"text\" aria-required=\"true\"   aria-labelledby=\"fld_8768091Label\" >\t\t\t<\/div>\r\n<\/div>\r\n<\/div><div  class=\"col-sm-4 \"><div data-field-wrapper=\"fld_9970286\" class=\"form-group\" id=\"fld_9970286_1-wrap\">\r\n\t<label id=\"fld_9970286Label\" for=\"fld_9970286_1\" class=\"control-label\">Assunto <span aria-hidden=\"true\" role=\"presentation\" class=\"field_required\" style=\"color:#ee0000;\">*<\/span><\/label>\r\n\t<div class=\"\">\r\n\t\t<input   required type=\"text\" data-field=\"fld_9970286\" class=\" form-control\" id=\"fld_9970286_1\" name=\"fld_9970286\" value=\"\" data-type=\"text\" aria-required=\"true\"   aria-labelledby=\"fld_9970286Label\" >\t\t\t<\/div>\r\n<\/div>\r\n<\/div><div  class=\"col-sm-4  last_col\"><div data-field-wrapper=\"fld_6009157\" class=\"form-group\" id=\"fld_6009157_1-wrap\">\r\n\t<label id=\"fld_6009157Label\" for=\"fld_6009157_1\" class=\"control-label\">Email <span aria-hidden=\"true\" role=\"presentation\" class=\"field_required\" style=\"color:#ee0000;\">*<\/span><\/label>\r\n\t<div class=\"\">\r\n\t\t<input   required type=\"email\" data-field=\"fld_6009157\" class=\" form-control\" id=\"fld_6009157_1\" name=\"fld_6009157\" value=\"\" data-type=\"email\" aria-required=\"true\"   aria-labelledby=\"fld_6009157Label\" >\t\t\t<\/div>\r\n<\/div>\r\n<\/div><\/div><div id=\"CF5c6d9b2fc53b4_1-row-2\"  class=\"row \"><div  class=\"col-sm-12  single\"><div data-field-wrapper=\"fld_7683514\" class=\"form-group\" id=\"fld_7683514_1-wrap\">\r\n\t<label id=\"fld_7683514Label\" for=\"fld_7683514_1\" class=\"control-label\">Mensagem <span aria-hidden=\"true\" role=\"presentation\" class=\"field_required\" style=\"color:#ee0000;\">*<\/span><\/label>\r\n\t<div class=\"\">\r\n\t\t<textarea name=\"fld_7683514\" value=\"\" data-field=\"fld_7683514\" class=\"form-control\" id=\"fld_7683514_1\" rows=\"7\"  required=\"required\"  aria-labelledby=\"fld_7683514Label\" ><\/textarea>\n\t\t\t<\/div>\r\n<\/div>\r\n<\/div><\/div><div id=\"CF5c6d9b2fc53b4_1-row-3\"  class=\"row \"><div  class=\"col-sm-12  single\"><div data-field-wrapper=\"fld_8073768\" class=\"form-group termos\" id=\"fld_8073768_1-wrap\">\r\n\t<label id=\"fld_8073768Label\" for=\"fld_8073768_1\" class=\"control-label screen-reader-text sr-only\">Li e aceito Pol\u00edtica de Privacidade<\/label>\r\n\t<div class=\"\">\r\n\t\t\t\t\t\t\t\t\t\t\t<div class=\"checkbox\">\n\t\t\t\t\n                <label                         for=\"fld_8073768_1_opt1031730\"\n                >\n                            <input\n                                data-parsley-required=\"true\" data-parsley-group=\"fld_8073768_1\" data-parsley-multiple=\"fld_8073768_1\"                                type=\"checkbox\"\n                                data-label=\"Li e aceito Pol\u00edtica de Privacidade.*\"\n                                data-field=\"fld_8073768\"\n                                id=\"fld_8073768_1_opt1031730\"\n                                class=\"fld_8073768_1 option-required\"\n                                name=\"fld_8073768[opt1031730]\"\n                                value=\"Li e aceito Pol\u00edtica de Privacidade.*\"\n                                                                data-type=\"checkbox\"\n                                data-checkbox-field=\"fld_8073768_1\"\n                                data-calc-value=\"Li e aceito Pol\u00edtica de Privacidade.*\"\n                            >\n                    Li e aceito Pol\u00edtica de Privacidade.*                <\/label>\n\n                \t\t\t\t\t<\/div>\n\t\t\t\t\t\t\t\t\t\t\t<\/div>\r\n<\/div>\r\n<\/div><\/div><div id=\"CF5c6d9b2fc53b4_1-row-4\"  class=\"row  last_row\"><div  class=\"col-sm-12  single\"><div data-field-wrapper=\"fld_7908577\" class=\"form-group\" id=\"fld_7908577_1-wrap\">\r\n<div class=\"\">\r\n\t<input  class=\"btn btn-default\" type=\"submit\" name=\"fld_7908577\" id=\"fld_7908577_1\" value=\"Cadastrar\" data-field=\"fld_7908577\"  >\n<\/div>\r\n<\/div>\r\n\t<input class=\"button_trigger_1\" type=\"hidden\" name=\"fld_7908577\" id=\"fld_7908577_1_btn\" value=\"\" data-field=\"fld_7908577\"  \/>\n<\/div><\/div><\/form>\r\n<\/div>\r\n\n<p>[\/vc_column_text][vc_empty_space][\/vc_column][\/vc_row][vc_row][vc_column][vc_text_separator title=&#8221;MAPA DA LOCALIZA\u00c7\u00c3O&#8221; color=&#8221;custom&#8221; border_width=&#8221;2&#8243; accent_color=&#8221;#52c3c4&#8243;][vc_empty_space][vc_column_text animation_duration=&#8221;1&#8243; animation_delay=&#8221;0&#8243;]<iframe loading=\"lazy\" style=\"border: 0;\" src=\"https:\/\/www.google.com\/maps\/embed?pb=!1m18!1m12!1m3!1d3674.4605916870505!2d-43.239881785096586!3d-22.93325838499839!2m3!1f0!2f0!3f0!3m2!1i1024!2i768!4f13.1!3m3!1m2!1s0x997e1752d7fce7%3A0x6d7b3a4ef496552!2sR.+Homem+de+Melo%2C+136+-+Tijuca%2C+Rio+de+Janeiro+-+RJ%2C+20510-180!5e0!3m2!1spt-BR!2sbr!4v1555441358145!5m2!1spt-BR!2sbr\" width=\"100%\" height=\"450\" frameborder=\"0\" allowfullscreen=\"allowfullscreen\"><\/iframe>[\/vc_column_text][\/vc_column][\/vc_row]<\/p>\n","protected":false},"excerpt":{"rendered":"<p>[vc_row][vc_column][vc_empty_space][vc_column_text animation_duration=&#8221;1&#8243; animation_delay=&#8221;0&#8243;]Moderno e autoral, o Prime \u00e9 a sua oportunidade de viver na Tijuca de um jeito personalizado e exclusivo. Com uma arquitetura contempor\u00e2nea aliada a revestimentos elegantes, a fachada transmite sofistica\u00e7\u00e3o e simplicidade. Os detalhes foram concebidos para tornar o projeto atemporal, assumindo uma refer\u00eania de bom gosto para o local.[\/vc_column_text][vc_empty_space][vc_row_inner][vc_column_inner width=&#8221;1\/2&#8243;][zad_icon_box icon_type=&#8221;custom&#8221;&#8230;<\/p>\n","protected":false},"author":3,"featured_media":0,"parent":167,"menu_order":0,"comment_status":"closed","ping_status":"closed","template":"","meta":{"footnotes":""},"class_list":["post-641","page","type-page","status-publish","hentry"],"_links":{"self":[{"href":"https:\/\/klacon.com.br\/novo\/wp-json\/wp\/v2\/pages\/641"}],"collection":[{"href":"https:\/\/klacon.com.br\/novo\/wp-json\/wp\/v2\/pages"}],"about":[{"href":"https:\/\/klacon.com.br\/novo\/wp-json\/wp\/v2\/types\/page"}],"author":[{"embeddable":true,"href":"https:\/\/klacon.com.br\/novo\/wp-json\/wp\/v2\/users\/3"}],"replies":[{"embeddable":true,"href":"https:\/\/klacon.com.br\/novo\/wp-json\/wp\/v2\/comments?post=641"}],"version-history":[{"count":3,"href":"https:\/\/klacon.com.br\/novo\/wp-json\/wp\/v2\/pages\/641\/revisions"}],"predecessor-version":[{"id":1572,"href":"https:\/\/klacon.com.br\/novo\/wp-json\/wp\/v2\/pages\/641\/revisions\/1572"}],"up":[{"embeddable":true,"href":"https:\/\/klacon.com.br\/novo\/wp-json\/wp\/v2\/pages\/167"}],"wp:attachment":[{"href":"https:\/\/klacon.com.br\/novo\/wp-json\/wp\/v2\/media?parent=641"}],"curies":[{"name":"wp","href":"https:\/\/api.w.org\/{rel}","templated":true}]}}