{"id":335,"date":"2019-04-02T01:25:03","date_gmt":"2019-04-02T01:25:03","guid":{"rendered":"https:\/\/klacon.com.br\/novo\/?page_id=335"},"modified":"2024-10-17T18:08:38","modified_gmt":"2024-10-17T18:08:38","slug":"guarde-perto-self-storage-barra-2","status":"publish","type":"page","link":"https:\/\/klacon.com.br\/novo\/obras-realizadas\/guarde-perto-self-storage-barra-2\/","title":{"rendered":"Guarde Perto Self Storage Barra II"},"content":{"rendered":"<p>[vc_row][vc_column width=&#8221;1\/4&#8243;][vc_single_image image=&#8221;237&#8243; img_size=&#8221;full&#8221; animation_duration=&#8221;1&#8243; animation_delay=&#8221;0&#8243;][\/vc_column][vc_column width=&#8221;3\/4&#8243;][vc_column_text animation_duration=&#8221;1&#8243; animation_delay=&#8221;0&#8243;]<\/p>\n<p style=\"text-align: justify;\">O Petr\u00f3polis Green Offices \u00e9 um empreendimento pioneiro, que oferece infraestrutura e pensa na qualidade de vida dos propriet\u00e1rios, funcion\u00e1rios e clientes. Com espa\u00e7o para escrit\u00f3rios, empresas e lojas, este modelo de Corporate Center ganha ainda mais visibilidade e valoriza\u00e7\u00e3o.<\/p>\n<p style=\"text-align: justify;\">A complementariedade das atividades, aliada aos servi\u00e7os oferecidos e ao amplo estacionamento, fazem do Petr\u00f3polis Green Offices um local \u00fanico e exclusivo na cidade. Ideal para seu neg\u00f3cio.<\/p>\n<p>[\/vc_column_text][vc_empty_space][vc_row_inner][vc_column_inner width=&#8221;1\/2&#8243;][zad_icon_box icon_type=&#8221;custom&#8221; icon_img=&#8221;219&#8243; img_width=&#8221;48&#8243; title=&#8221;Comercial&#8221; animation_duration=&#8221;1&#8243; animation_delay=&#8221;0&#8243; title_font_container=&#8221;h5&#8243;][\/zad_icon_box][zad_icon_box icon_type=&#8221;custom&#8221; icon_img=&#8221;220&#8243; img_width=&#8221;48&#8243; title=&#8221;6.600 m\u00b2&#8221; animation_duration=&#8221;1&#8243; animation_delay=&#8221;0&#8243; title_font_container=&#8221;h5&#8243;][\/zad_icon_box][\/vc_column_inner][vc_column_inner width=&#8221;1\/2&#8243;][zad_icon_box icon_type=&#8221;custom&#8221; icon_img=&#8221;45&#8243; img_width=&#8221;48&#8243; title=&#8221;842 boxes e 97 containers&#8221; animation_duration=&#8221;1&#8243; animation_delay=&#8221;0&#8243; title_font_container=&#8221;h5&#8243;][\/zad_icon_box][\/vc_column_inner][\/vc_row_inner][\/vc_column][\/vc_row][vc_row][vc_column][vc_text_separator title=&#8221;FOTOS DO EMPREENDIMENTO&#8221; color=&#8221;custom&#8221; border_width=&#8221;2&#8243; accent_color=&#8221;#52c3c4&#8243;][vc_empty_space]<div id=\"ult-carousel-93222733569f5a6b1d80bf\" class=\" ult-carousel-wrapper ult_horizontal\" data-gutter=\"15\"><div class=\"ult-carousel-129089286069f5a6b1d80b7 \">[vc_single_image image=&#8221;336&#8243; img_size=&#8221;full&#8221; onclick=&#8221;link_image&#8221; animation_duration=&#8221;1&#8243; animation_delay=&#8221;0&#8243;][vc_single_image image=&#8221;337&#8243; img_size=&#8221;full&#8221; onclick=&#8221;link_image&#8221; animation_duration=&#8221;1&#8243; animation_delay=&#8221;0&#8243;][vc_single_image image=&#8221;338&#8243; img_size=&#8221;full&#8221; onclick=&#8221;link_image&#8221; animation_duration=&#8221;1&#8243; animation_delay=&#8221;0&#8243;][vc_single_image image=&#8221;339&#8243; img_size=&#8221;full&#8221; onclick=&#8221;link_image&#8221; animation_duration=&#8221;1&#8243; animation_delay=&#8221;0&#8243;][vc_single_image image=&#8221;340&#8243; img_size=&#8221;full&#8221; onclick=&#8221;link_image&#8221; animation_duration=&#8221;1&#8243; animation_delay=&#8221;0&#8243;][vc_single_image image=&#8221;341&#8243; img_size=&#8221;full&#8221; onclick=&#8221;link_image&#8221; animation_duration=&#8221;1&#8243; animation_delay=&#8221;0&#8243;][vc_single_image image=&#8221;342&#8243; img_size=&#8221;full&#8221; onclick=&#8221;link_image&#8221; animation_duration=&#8221;1&#8243; animation_delay=&#8221;0&#8243;][vc_single_image image=&#8221;343&#8243; img_size=&#8221;full&#8221; onclick=&#8221;link_image&#8221; animation_duration=&#8221;1&#8243; animation_delay=&#8221;0&#8243;]<\/div><\/div>\r\n            <script type=\"text\/javascript\">\r\r\n\t\t\t\tjQuery(document).ready(function($){\r\r\n               \t\t$('.ult-carousel-129089286069f5a6b1d80b7').slick({dots: true,autoplaySpeed: 5000,speed: 300,infinite: false,arrows: true,nextArrow: '<button type=\"button\" style=\"color:#52c3c4; font-size:50px;\" class=\"slick-next default\"><i class=\"ultsl-arrow-right4\"><\/i><\/button>',prevArrow: '<button type=\"button\" style=\"color:#52c3c4; font-size:50px;\" class=\"slick-prev default\"><i class=\"ultsl-arrow-left4\"><\/i><\/button>',slidesToScroll:5,slidesToShow:5,swipe: true,draggable: true,touchMove: true,responsive: [\r\r\n\t\t\t\t\t\t\t{\r\r\n\t\t\t\t\t\t\t  breakpoint: 1025,\r\r\n\t\t\t\t\t\t\t  settings: {\r\r\n\t\t\t\t\t\t\t\tslidesToShow: 5,\r\r\n\t\t\t\t\t\t\t\tslidesToScroll: 5,\r\r\n\t\t\t\t\t\t\t\t\r\r\n\t\t\t\t\t\t\t\t\r\r\n\t\t\t\t\t\t\t  }\r\r\n\t\t\t\t\t\t\t},\r\r\n\t\t\t\t\t\t\t{\r\r\n\t\t\t\t\t\t\t  breakpoint: 769,\r\r\n\t\t\t\t\t\t\t  settings: {\r\r\n\t\t\t\t\t\t\t\tslidesToShow: 3,\r\r\n\t\t\t\t\t\t\t\tslidesToScroll: 3\r\r\n\t\t\t\t\t\t\t  }\r\r\n\t\t\t\t\t\t\t},\r\r\n\t\t\t\t\t\t\t{\r\r\n\t\t\t\t\t\t\t  breakpoint: 481,\r\r\n\t\t\t\t\t\t\t  settings: {\r\r\n\t\t\t\t\t\t\t\tslidesToShow: 2,\r\r\n\t\t\t\t\t\t\t\tslidesToScroll: 2\r\r\n\t\t\t\t\t\t\t  }\r\r\n\t\t\t\t\t\t\t}\r\r\n\t\t\t\t\t\t],pauseOnHover: true,\r\r\n\t\t\t\t\t\tpauseOnDotsHover: true,customPaging: function(slider, i) {\r\r\n                   return '<i type=\"button\" style=\"color:#333333;\" class=\"ultsl-record\" data-role=\"none\"><\/i>';\r\r\n                },});\r\r\n\t\t\t\t});\r\r\n\t\t\t<\/script>\r\r\n            [vc_empty_space][\/vc_column][\/vc_row][vc_row][vc_column][vc_text_separator title=&#8221;MAPA DA LOCALIZA\u00c7\u00c3O&#8221; color=&#8221;custom&#8221; border_width=&#8221;2&#8243; accent_color=&#8221;#52c3c4&#8243;][vc_empty_space][vc_column_text animation_duration=&#8221;1&#8243; animation_delay=&#8221;0&#8243;]<iframe loading=\"lazy\" style=\"border: 0;\" src=\"https:\/\/www.google.com\/maps\/embed?pb=!1m14!1m8!1m3!1d7346.848322715991!2d-43.41425!3d-22.971425!3m2!1i1024!2i768!4f13.1!3m3!1m2!1s0x9bdc0faea5e9ef%3A0x77b7997eeb62a864!2sEstr.+dos+Bandeirantes%2C+8200+-+Jacarepagu%C3%A1%2C+Rio+de+Janeiro+-+RJ%2C+22780-100!5e0!3m2!1spt-BR!2sbr!4v1554168356643!5m2!1spt-BR!2sbr\" width=\"100%\" height=\"450\" frameborder=\"0\" allowfullscreen=\"allowfullscreen\"><\/iframe>[\/vc_column_text][\/vc_column][\/vc_row]<\/p>\n","protected":false},"excerpt":{"rendered":"<p>[vc_row][vc_column width=&#8221;1\/4&#8243;][vc_single_image image=&#8221;237&#8243; img_size=&#8221;full&#8221; animation_duration=&#8221;1&#8243; animation_delay=&#8221;0&#8243;][\/vc_column][vc_column width=&#8221;3\/4&#8243;][vc_column_text animation_duration=&#8221;1&#8243; animation_delay=&#8221;0&#8243;] O Petr\u00f3polis Green Offices \u00e9 um empreendimento pioneiro, que oferece infraestrutura e pensa na qualidade de vida dos propriet\u00e1rios, funcion\u00e1rios e clientes. Com espa\u00e7o para escrit\u00f3rios, empresas e lojas, este modelo de Corporate Center ganha ainda mais visibilidade e valoriza\u00e7\u00e3o. A complementariedade das atividades, aliada aos&#8230;<\/p>\n","protected":false},"author":3,"featured_media":0,"parent":19,"menu_order":0,"comment_status":"closed","ping_status":"closed","template":"","meta":{"footnotes":""},"class_list":["post-335","page","type-page","status-publish","hentry"],"_links":{"self":[{"href":"https:\/\/klacon.com.br\/novo\/wp-json\/wp\/v2\/pages\/335"}],"collection":[{"href":"https:\/\/klacon.com.br\/novo\/wp-json\/wp\/v2\/pages"}],"about":[{"href":"https:\/\/klacon.com.br\/novo\/wp-json\/wp\/v2\/types\/page"}],"author":[{"embeddable":true,"href":"https:\/\/klacon.com.br\/novo\/wp-json\/wp\/v2\/users\/3"}],"replies":[{"embeddable":true,"href":"https:\/\/klacon.com.br\/novo\/wp-json\/wp\/v2\/comments?post=335"}],"version-history":[{"count":9,"href":"https:\/\/klacon.com.br\/novo\/wp-json\/wp\/v2\/pages\/335\/revisions"}],"predecessor-version":[{"id":4461,"href":"https:\/\/klacon.com.br\/novo\/wp-json\/wp\/v2\/pages\/335\/revisions\/4461"}],"up":[{"embeddable":true,"href":"https:\/\/klacon.com.br\/novo\/wp-json\/wp\/v2\/pages\/19"}],"wp:attachment":[{"href":"https:\/\/klacon.com.br\/novo\/wp-json\/wp\/v2\/media?parent=335"}],"curies":[{"name":"wp","href":"https:\/\/api.w.org\/{rel}","templated":true}]}}