{"id":2443,"date":"2022-08-19T19:49:25","date_gmt":"2022-08-19T19:49:25","guid":{"rendered":"https:\/\/klacon.com.br\/novo\/?page_id=2443"},"modified":"2024-05-15T15:37:11","modified_gmt":"2024-05-15T15:37:11","slug":"ed-pallazzo-dalmazzo","status":"publish","type":"page","link":"https:\/\/klacon.com.br\/novo\/obras-em-andamento\/ed-pallazzo-dalmazzo\/","title":{"rendered":"Ed. Pallazzo Dalmazzo"},"content":{"rendered":"<p>[vc_row][vc_column][vc_column_text animation_duration=&#8221;1&#8243; animation_delay=&#8221;0&#8243;]\u00daltima atualiza\u00e7\u00e3o: Maio\/2024[\/vc_column_text][\/vc_column][\/vc_row][vc_row][vc_column][vc_text_separator title=&#8221;IMAGENS DA OBRA&#8221; color=&#8221;custom&#8221; border_width=&#8221;2&#8243; accent_color=&#8221;#52c3c4&#8243;][vc_empty_space]<div id=\"ult-carousel-83664603469f5d75016ba6\" class=\" ult-carousel-wrapper ult_horizontal\" data-gutter=\"15\"><div class=\"ult-carousel-131681394669f5d75016b9c \">[vc_row_inner][vc_column_inner][vc_single_image image=&#8221;3995&#8243; img_size=&#8221;full&#8221; add_caption=&#8221;yes&#8221; onclick=&#8221;link_image&#8221; animation_duration=&#8221;1&#8243; animation_delay=&#8221;0&#8243;][\/vc_column_inner][\/vc_row_inner][vc_row_inner][vc_column_inner][vc_single_image image=&#8221;3996&#8243; img_size=&#8221;full&#8221; add_caption=&#8221;yes&#8221; onclick=&#8221;link_image&#8221; animation_duration=&#8221;1&#8243; animation_delay=&#8221;0&#8243;][\/vc_column_inner][\/vc_row_inner][vc_row_inner][vc_column_inner][vc_single_image image=&#8221;3997&#8243; img_size=&#8221;full&#8221; add_caption=&#8221;yes&#8221; onclick=&#8221;link_image&#8221; animation_duration=&#8221;1&#8243; animation_delay=&#8221;0&#8243;][\/vc_column_inner][\/vc_row_inner][vc_row_inner][vc_column_inner][vc_single_image image=&#8221;3998&#8243; img_size=&#8221;full&#8221; add_caption=&#8221;yes&#8221; onclick=&#8221;link_image&#8221; animation_duration=&#8221;1&#8243; animation_delay=&#8221;0&#8243;][\/vc_column_inner][\/vc_row_inner][vc_row_inner][vc_column_inner][vc_single_image image=&#8221;3999&#8243; img_size=&#8221;full&#8221; add_caption=&#8221;yes&#8221; onclick=&#8221;link_image&#8221; animation_duration=&#8221;1&#8243; animation_delay=&#8221;0&#8243;][\/vc_column_inner][\/vc_row_inner][vc_row_inner][vc_column_inner][vc_single_image image=&#8221;4000&#8243; img_size=&#8221;full&#8221; add_caption=&#8221;yes&#8221; onclick=&#8221;link_image&#8221; animation_duration=&#8221;1&#8243; animation_delay=&#8221;0&#8243;][\/vc_column_inner][\/vc_row_inner]<\/div><\/div>\r\n            <script type=\"text\/javascript\">\r\r\n\t\t\t\tjQuery(document).ready(function($){\r\r\n               \t\t$('.ult-carousel-131681394669f5d75016b9c').slick({dots: true,autoplaySpeed: 5000,speed: 300,infinite: false,arrows: true,nextArrow: '<button type=\"button\" style=\"color:#52c3c4; font-size:50px;\" class=\"slick-next default\"><i class=\"ultsl-arrow-right4\"><\/i><\/button>',prevArrow: '<button type=\"button\" style=\"color:#52c3c4; font-size:50px;\" class=\"slick-prev default\"><i class=\"ultsl-arrow-left4\"><\/i><\/button>',slidesToScroll:5,slidesToShow:5,swipe: true,draggable: true,touchMove: true,responsive: [\r\r\n\t\t\t\t\t\t\t{\r\r\n\t\t\t\t\t\t\t  breakpoint: 1025,\r\r\n\t\t\t\t\t\t\t  settings: {\r\r\n\t\t\t\t\t\t\t\tslidesToShow: 5,\r\r\n\t\t\t\t\t\t\t\tslidesToScroll: 5,\r\r\n\t\t\t\t\t\t\t\t\r\r\n\t\t\t\t\t\t\t\t\r\r\n\t\t\t\t\t\t\t  }\r\r\n\t\t\t\t\t\t\t},\r\r\n\t\t\t\t\t\t\t{\r\r\n\t\t\t\t\t\t\t  breakpoint: 769,\r\r\n\t\t\t\t\t\t\t  settings: {\r\r\n\t\t\t\t\t\t\t\tslidesToShow: 3,\r\r\n\t\t\t\t\t\t\t\tslidesToScroll: 3\r\r\n\t\t\t\t\t\t\t  }\r\r\n\t\t\t\t\t\t\t},\r\r\n\t\t\t\t\t\t\t{\r\r\n\t\t\t\t\t\t\t  breakpoint: 481,\r\r\n\t\t\t\t\t\t\t  settings: {\r\r\n\t\t\t\t\t\t\t\tslidesToShow: 2,\r\r\n\t\t\t\t\t\t\t\tslidesToScroll: 2\r\r\n\t\t\t\t\t\t\t  }\r\r\n\t\t\t\t\t\t\t}\r\r\n\t\t\t\t\t\t],pauseOnHover: true,\r\r\n\t\t\t\t\t\tpauseOnDotsHover: true,customPaging: function(slider, i) {\r\r\n                   return '<i type=\"button\" style=\"color:#333333;\" class=\"ultsl-record\" data-role=\"none\"><\/i>';\r\r\n                },});\r\r\n\t\t\t\t});\r\r\n\t\t\t<\/script>\r\r\n            [vc_empty_space][\/vc_column][\/vc_row][vc_row][vc_column][vc_text_separator title=&#8221;ACOMPANHAMENTO&#8221; color=&#8221;custom&#8221; border_width=&#8221;2&#8243; accent_color=&#8221;#52c3c4&#8243;][vc_column_text animation_duration=&#8221;1&#8243; animation_delay=&#8221;0&#8243;]<\/p>\n<p style=\"text-align: center;\">Percentual de Realiza\u00e7\u00e3o<\/p>\n<p>[\/vc_column_text][vc_empty_space][\/vc_column][\/vc_row][vc_row][vc_column width=&#8221;1\/4&#8243;][vc_single_image image=&#8221;1425&#8243; img_size=&#8221;full&#8221; alignment=&#8221;center&#8221; animation_duration=&#8221;1&#8243; animation_delay=&#8221;0&#8243;][zad_progress_bar values=&#8221;100|Escava\u00e7\u00e3o&#8221; title_color=&#8221;#444444&#8243; units=&#8221;%&#8221;][\/vc_column][vc_column width=&#8221;1\/4&#8243;][vc_single_image image=&#8221;1426&#8243; img_size=&#8221;full&#8221; alignment=&#8221;center&#8221; animation_duration=&#8221;1&#8243; animation_delay=&#8221;0&#8243;][zad_progress_bar values=&#8221;100|Funda\u00e7\u00e3o&#8221; title_color=&#8221;#444444&#8243; units=&#8221;%&#8221;][\/vc_column][vc_column width=&#8221;1\/4&#8243;][vc_single_image image=&#8221;1352&#8243; img_size=&#8221;full&#8221; alignment=&#8221;center&#8221; animation_duration=&#8221;1&#8243; animation_delay=&#8221;0&#8243;][zad_progress_bar values=&#8221;100|Estruturas&#8221; title_color=&#8221;#444444&#8243; units=&#8221;%&#8221;][\/vc_column][vc_column width=&#8221;1\/4&#8243;][vc_single_image image=&#8221;1350&#8243; img_size=&#8221;full&#8221; alignment=&#8221;center&#8221; animation_duration=&#8221;1&#8243; animation_delay=&#8221;0&#8243;][zad_progress_bar values=&#8221;100|Paredes&#8221; title_color=&#8221;#444444&#8243; units=&#8221;%&#8221;][\/vc_column][\/vc_row][vc_row][vc_column width=&#8221;1\/4&#8243;][vc_single_image image=&#8221;1356&#8243; img_size=&#8221;full&#8221; alignment=&#8221;center&#8221; animation_duration=&#8221;1&#8243; animation_delay=&#8221;0&#8243;][zad_progress_bar values=&#8221;100|Esquadrias\/Vidros&#8221; title_color=&#8221;#444444&#8243; units=&#8221;%&#8221;][\/vc_column][vc_column width=&#8221;1\/4&#8243;][vc_single_image image=&#8221;1354&#8243; img_size=&#8221;full&#8221; alignment=&#8221;center&#8221; animation_duration=&#8221;1&#8243; animation_delay=&#8221;0&#8243;][zad_progress_bar values=&#8221;100|Revestimentos\/Pisos&#8221; title_color=&#8221;#444444&#8243; units=&#8221;%&#8221;][\/vc_column][vc_column width=&#8221;1\/4&#8243;][vc_single_image image=&#8221;1355&#8243; img_size=&#8221;full&#8221; alignment=&#8221;center&#8221; animation_duration=&#8221;1&#8243; animation_delay=&#8221;0&#8243;][zad_progress_bar values=&#8221;100|Instala\u00e7\u00f5es&#8221; title_color=&#8221;#444444&#8243; units=&#8221;%&#8221;][\/vc_column][vc_column width=&#8221;1\/4&#8243;][vc_single_image image=&#8221;1349&#8243; img_size=&#8221;full&#8221; alignment=&#8221;center&#8221; animation_duration=&#8221;1&#8243; animation_delay=&#8221;0&#8243;][zad_progress_bar values=&#8221;100|Pintura&#8221; title_color=&#8221;#444444&#8243; units=&#8221;%&#8221;][\/vc_column][\/vc_row]<\/p>\n","protected":false},"excerpt":{"rendered":"<p>[vc_row][vc_column][vc_column_text animation_duration=&#8221;1&#8243; animation_delay=&#8221;0&#8243;]\u00daltima atualiza\u00e7\u00e3o: Maio\/2024[\/vc_column_text][\/vc_column][\/vc_row][vc_row][vc_column][vc_text_separator title=&#8221;IMAGENS DA OBRA&#8221; color=&#8221;custom&#8221; border_width=&#8221;2&#8243; accent_color=&#8221;#52c3c4&#8243;][vc_empty_space][vc_empty_space][\/vc_column][\/vc_row][vc_row][vc_column][vc_text_separator title=&#8221;ACOMPANHAMENTO&#8221; color=&#8221;custom&#8221; border_width=&#8221;2&#8243; accent_color=&#8221;#52c3c4&#8243;][vc_column_text animation_duration=&#8221;1&#8243; animation_delay=&#8221;0&#8243;] Percentual de Realiza\u00e7\u00e3o [\/vc_column_text][vc_empty_space][\/vc_column][\/vc_row][vc_row][vc_column width=&#8221;1\/4&#8243;][vc_single_image image=&#8221;1425&#8243; img_size=&#8221;full&#8221; alignment=&#8221;center&#8221; animation_duration=&#8221;1&#8243; animation_delay=&#8221;0&#8243;][zad_progress_bar values=&#8221;100|Escava\u00e7\u00e3o&#8221; title_color=&#8221;#444444&#8243; units=&#8221;%&#8221;][\/vc_column][vc_column width=&#8221;1\/4&#8243;][vc_single_image image=&#8221;1426&#8243; img_size=&#8221;full&#8221; alignment=&#8221;center&#8221; animation_duration=&#8221;1&#8243; animation_delay=&#8221;0&#8243;][zad_progress_bar values=&#8221;100|Funda\u00e7\u00e3o&#8221; title_color=&#8221;#444444&#8243; units=&#8221;%&#8221;][\/vc_column][vc_column width=&#8221;1\/4&#8243;][vc_single_image image=&#8221;1352&#8243; img_size=&#8221;full&#8221; alignment=&#8221;center&#8221; animation_duration=&#8221;1&#8243; animation_delay=&#8221;0&#8243;][zad_progress_bar values=&#8221;100|Estruturas&#8221; title_color=&#8221;#444444&#8243; units=&#8221;%&#8221;][\/vc_column][vc_column width=&#8221;1\/4&#8243;][vc_single_image image=&#8221;1350&#8243; img_size=&#8221;full&#8221; alignment=&#8221;center&#8221; animation_duration=&#8221;1&#8243; animation_delay=&#8221;0&#8243;][zad_progress_bar values=&#8221;100|Paredes&#8221;&#8230;<\/p>\n","protected":false},"author":3,"featured_media":0,"parent":17,"menu_order":0,"comment_status":"closed","ping_status":"closed","template":"","meta":{"footnotes":""},"class_list":["post-2443","page","type-page","status-publish","hentry"],"_links":{"self":[{"href":"https:\/\/klacon.com.br\/novo\/wp-json\/wp\/v2\/pages\/2443"}],"collection":[{"href":"https:\/\/klacon.com.br\/novo\/wp-json\/wp\/v2\/pages"}],"about":[{"href":"https:\/\/klacon.com.br\/novo\/wp-json\/wp\/v2\/types\/page"}],"author":[{"embeddable":true,"href":"https:\/\/klacon.com.br\/novo\/wp-json\/wp\/v2\/users\/3"}],"replies":[{"embeddable":true,"href":"https:\/\/klacon.com.br\/novo\/wp-json\/wp\/v2\/comments?post=2443"}],"version-history":[{"count":37,"href":"https:\/\/klacon.com.br\/novo\/wp-json\/wp\/v2\/pages\/2443\/revisions"}],"predecessor-version":[{"id":4001,"href":"https:\/\/klacon.com.br\/novo\/wp-json\/wp\/v2\/pages\/2443\/revisions\/4001"}],"up":[{"embeddable":true,"href":"https:\/\/klacon.com.br\/novo\/wp-json\/wp\/v2\/pages\/17"}],"wp:attachment":[{"href":"https:\/\/klacon.com.br\/novo\/wp-json\/wp\/v2\/media?parent=2443"}],"curies":[{"name":"wp","href":"https:\/\/api.w.org\/{rel}","templated":true}]}}