{"id":176,"date":"2019-03-13T18:54:29","date_gmt":"2019-03-13T18:54:29","guid":{"rendered":"https:\/\/klacon.com.br\/novo\/?page_id=176"},"modified":"2024-10-17T18:05:05","modified_gmt":"2024-10-17T18:05:05","slug":"residencial-olavo-bilac","status":"publish","type":"page","link":"https:\/\/klacon.com.br\/novo\/obras-realizadas\/residencial-olavo-bilac\/","title":{"rendered":"Residencial Olavo Bilac"},"content":{"rendered":"<p>[vc_row][vc_column width=&#8221;1\/4&#8243;][vc_single_image image=&#8221;247&#8243; img_size=&#8221;full&#8221; animation_duration=&#8221;1&#8243; animation_delay=&#8221;0&#8243;][\/vc_column][vc_column width=&#8221;3\/4&#8243;][vc_column_text animation_duration=&#8221;1&#8243; animation_delay=&#8221;0&#8243;]Um condom\u00ednio fechado de apartamentos e loft`s com lazer em Petr\u00f3polis traz o clima da Serra com total seguran\u00e7a para o seu dia a dia. Voc\u00ea vai vivenciar o verde da mata, em uma localiza\u00e7\u00e3o totalmente privilegiada a 5 minutos do Centro. Com projeto do escrit\u00f3rio Carlos Marcolino Arquitetura e Paisagismo da Arteiro, Residencial Olavo Bilac \u00e9 uma excelente op\u00e7\u00e3o para quem quer investir na privacidade, na inova\u00e7\u00e3o e na tranquilidade.[\/vc_column_text][vc_empty_space][vc_row_inner][vc_column_inner width=&#8221;1\/2&#8243;][zad_icon_box icon_type=&#8221;custom&#8221; icon_img=&#8221;219&#8243; img_width=&#8221;48&#8243; title=&#8221;Residencial&#8221; animation_duration=&#8221;1&#8243; animation_delay=&#8221;0&#8243; title_font_container=&#8221;h5&#8243;][\/zad_icon_box][zad_icon_box icon_type=&#8221;custom&#8221; icon_img=&#8221;184&#8243; img_width=&#8221;48&#8243; title=&#8221;residencialolavobilac.com&#8221; animation_duration=&#8221;1&#8243; animation_delay=&#8221;0&#8243; title_font_container=&#8221;h5&#8243;][\/zad_icon_box][\/vc_column_inner][vc_column_inner width=&#8221;1\/2&#8243;][zad_icon_box icon_type=&#8221;custom&#8221; icon_img=&#8221;45&#8243; img_width=&#8221;48&#8243; title=&#8221;42 apartamentos e 08 loft\u2019s&#8221; animation_duration=&#8221;1&#8243; animation_delay=&#8221;0&#8243; title_font_container=&#8221;h5&#8243;][\/zad_icon_box][zad_icon_box icon_type=&#8221;custom&#8221; icon_img=&#8221;220&#8243; img_width=&#8221;48&#8243; title=&#8221;6.780 m\u00b2&#8221; animation_duration=&#8221;1&#8243; animation_delay=&#8221;0&#8243; title_font_container=&#8221;h5&#8243;][\/zad_icon_box][\/vc_column_inner][\/vc_row_inner][\/vc_column][\/vc_row][vc_row][vc_column][vc_text_separator title=&#8221;FOTOS DO EMPREENDIMENTO&#8221; color=&#8221;custom&#8221; border_width=&#8221;2&#8243; accent_color=&#8221;#52c3c4&#8243;][vc_empty_space]<div id=\"ult-carousel-150312768869f5a6f9bfb99\" class=\" ult-carousel-wrapper ult_horizontal\" data-gutter=\"15\"><div class=\"ult-carousel-63076727469f5a6f9bfb90 \">[vc_single_image image=&#8221;214&#8243; img_size=&#8221;full&#8221; onclick=&#8221;link_image&#8221; animation_duration=&#8221;1&#8243; animation_delay=&#8221;0&#8243;][vc_single_image image=&#8221;213&#8243; img_size=&#8221;full&#8221; onclick=&#8221;link_image&#8221; animation_duration=&#8221;1&#8243; animation_delay=&#8221;0&#8243;][vc_single_image image=&#8221;212&#8243; img_size=&#8221;full&#8221;\u00a0 onclick=&#8221;link_image&#8221; animation_duration=&#8221;1&#8243; animation_delay=&#8221;0&#8243;][vc_single_image image=&#8221;211&#8243; img_size=&#8221;full&#8221; onclick=&#8221;link_image&#8221; animation_duration=&#8221;1&#8243; animation_delay=&#8221;0&#8243;][vc_single_image image=&#8221;209&#8243; img_size=&#8221;full&#8221; onclick=&#8221;link_image&#8221; animation_duration=&#8221;1&#8243; animation_delay=&#8221;0&#8243;][vc_single_image image=&#8221;208&#8243; img_size=&#8221;full&#8221; onclick=&#8221;link_image&#8221; animation_duration=&#8221;1&#8243; animation_delay=&#8221;0&#8243;][vc_single_image image=&#8221;207&#8243; img_size=&#8221;full&#8221; onclick=&#8221;link_image&#8221; animation_duration=&#8221;1&#8243; animation_delay=&#8221;0&#8243;][vc_single_image image=&#8221;206&#8243; img_size=&#8221;full&#8221; onclick=&#8221;link_image&#8221; animation_duration=&#8221;1&#8243; animation_delay=&#8221;0&#8243;][vc_single_image image=&#8221;205&#8243; img_size=&#8221;full&#8221; onclick=&#8221;link_image&#8221; animation_duration=&#8221;1&#8243; animation_delay=&#8221;0&#8243;][vc_single_image image=&#8221;204&#8243; img_size=&#8221;full&#8221; onclick=&#8221;link_image&#8221; animation_duration=&#8221;1&#8243; animation_delay=&#8221;0&#8243;][vc_single_image image=&#8221;203&#8243; img_size=&#8221;full&#8221; onclick=&#8221;link_image&#8221; animation_duration=&#8221;1&#8243; animation_delay=&#8221;0&#8243;][vc_single_image image=&#8221;202&#8243; img_size=&#8221;full&#8221; onclick=&#8221;link_image&#8221; animation_duration=&#8221;1&#8243; animation_delay=&#8221;0&#8243;][vc_single_image image=&#8221;201&#8243; img_size=&#8221;full&#8221; onclick=&#8221;link_image&#8221; animation_duration=&#8221;1&#8243; animation_delay=&#8221;0&#8243;][vc_single_image image=&#8221;200&#8243; img_size=&#8221;full&#8221; onclick=&#8221;link_image&#8221; animation_duration=&#8221;1&#8243; animation_delay=&#8221;0&#8243;][vc_single_image image=&#8221;199&#8243; img_size=&#8221;full&#8221; onclick=&#8221;link_image&#8221; animation_duration=&#8221;1&#8243; animation_delay=&#8221;0&#8243;][vc_single_image image=&#8221;198&#8243; img_size=&#8221;full&#8221; onclick=&#8221;link_image&#8221; animation_duration=&#8221;1&#8243; animation_delay=&#8221;0&#8243;][vc_single_image image=&#8221;197&#8243; img_size=&#8221;full&#8221; onclick=&#8221;link_image&#8221; animation_duration=&#8221;1&#8243; animation_delay=&#8221;0&#8243;][vc_single_image image=&#8221;196&#8243; img_size=&#8221;full&#8221; onclick=&#8221;link_image&#8221; animation_duration=&#8221;1&#8243; animation_delay=&#8221;0&#8243;][vc_single_image image=&#8221;195&#8243; img_size=&#8221;full&#8221; onclick=&#8221;link_image&#8221; animation_duration=&#8221;1&#8243; animation_delay=&#8221;0&#8243;]<\/div><\/div>\r\n            <script type=\"text\/javascript\">\r\r\n\t\t\t\tjQuery(document).ready(function($){\r\r\n               \t\t$('.ult-carousel-63076727469f5a6f9bfb90').slick({dots: true,autoplaySpeed: 5000,speed: 300,infinite: false,arrows: true,nextArrow: '<button type=\"button\" style=\"color:#52c3c4; font-size:50px;\" class=\"slick-next default\"><i class=\"ultsl-arrow-right4\"><\/i><\/button>',prevArrow: '<button type=\"button\" style=\"color:#52c3c4; font-size:50px;\" class=\"slick-prev default\"><i class=\"ultsl-arrow-left4\"><\/i><\/button>',slidesToScroll:5,slidesToShow:5,swipe: true,draggable: true,touchMove: true,responsive: [\r\r\n\t\t\t\t\t\t\t{\r\r\n\t\t\t\t\t\t\t  breakpoint: 1025,\r\r\n\t\t\t\t\t\t\t  settings: {\r\r\n\t\t\t\t\t\t\t\tslidesToShow: 5,\r\r\n\t\t\t\t\t\t\t\tslidesToScroll: 5,\r\r\n\t\t\t\t\t\t\t\t\r\r\n\t\t\t\t\t\t\t\t\r\r\n\t\t\t\t\t\t\t  }\r\r\n\t\t\t\t\t\t\t},\r\r\n\t\t\t\t\t\t\t{\r\r\n\t\t\t\t\t\t\t  breakpoint: 769,\r\r\n\t\t\t\t\t\t\t  settings: {\r\r\n\t\t\t\t\t\t\t\tslidesToShow: 3,\r\r\n\t\t\t\t\t\t\t\tslidesToScroll: 3\r\r\n\t\t\t\t\t\t\t  }\r\r\n\t\t\t\t\t\t\t},\r\r\n\t\t\t\t\t\t\t{\r\r\n\t\t\t\t\t\t\t  breakpoint: 481,\r\r\n\t\t\t\t\t\t\t  settings: {\r\r\n\t\t\t\t\t\t\t\tslidesToShow: 2,\r\r\n\t\t\t\t\t\t\t\tslidesToScroll: 2\r\r\n\t\t\t\t\t\t\t  }\r\r\n\t\t\t\t\t\t\t}\r\r\n\t\t\t\t\t\t],pauseOnHover: true,\r\r\n\t\t\t\t\t\tpauseOnDotsHover: true,customPaging: function(slider, i) {\r\r\n                   return '<i type=\"button\" style=\"color:#333333;\" class=\"ultsl-record\" data-role=\"none\"><\/i>';\r\r\n                },});\r\r\n\t\t\t\t});\r\r\n\t\t\t<\/script>\r\r\n            [vc_empty_space][\/vc_column][\/vc_row][vc_row][vc_column][vc_text_separator title=&#8221;MAPA DA LOCALIZA\u00c7\u00c3O&#8221; color=&#8221;custom&#8221; border_width=&#8221;2&#8243; accent_color=&#8221;#52c3c4&#8243;][vc_empty_space][vc_column_text animation_duration=&#8221;1&#8243; animation_delay=&#8221;0&#8243;]<iframe loading=\"lazy\" style=\"border: 0;\" src=\"https:\/\/www.google.com\/maps\/embed?pb=!1m14!1m8!1m3!1d7370.417430036617!2d-43.195707!3d-22.533853!3m2!1i1024!2i768!4f13.1!3m3!1m2!1s0x99084a48d37ea9%3A0xd753ac8c0b8c77d1!2sR.+Olavo+Bilac%2C+467+-+Castel%C3%A2nea%2C+Petr%C3%B3polis+-+RJ%2C+25645-005!5e0!3m2!1spt-BR!2sbr!4v1552504889952\" width=\"100%\" height=\"450\" frameborder=\"0\" allowfullscreen=\"allowfullscreen\"><\/iframe>[\/vc_column_text][\/vc_column][\/vc_row]<\/p>\n","protected":false},"excerpt":{"rendered":"<p>[vc_row][vc_column width=&#8221;1\/4&#8243;][vc_single_image image=&#8221;247&#8243; img_size=&#8221;full&#8221; animation_duration=&#8221;1&#8243; animation_delay=&#8221;0&#8243;][\/vc_column][vc_column width=&#8221;3\/4&#8243;][vc_column_text animation_duration=&#8221;1&#8243; animation_delay=&#8221;0&#8243;]Um condom\u00ednio fechado de apartamentos e loft`s com lazer em Petr\u00f3polis traz o clima da Serra com total seguran\u00e7a para o seu dia a dia. Voc\u00ea vai vivenciar o verde da mata, em uma localiza\u00e7\u00e3o totalmente privilegiada a 5 minutos do Centro. Com projeto do escrit\u00f3rio Carlos&#8230;<\/p>\n","protected":false},"author":3,"featured_media":0,"parent":19,"menu_order":0,"comment_status":"closed","ping_status":"closed","template":"","meta":{"footnotes":""},"class_list":["post-176","page","type-page","status-publish","hentry"],"_links":{"self":[{"href":"https:\/\/klacon.com.br\/novo\/wp-json\/wp\/v2\/pages\/176"}],"collection":[{"href":"https:\/\/klacon.com.br\/novo\/wp-json\/wp\/v2\/pages"}],"about":[{"href":"https:\/\/klacon.com.br\/novo\/wp-json\/wp\/v2\/types\/page"}],"author":[{"embeddable":true,"href":"https:\/\/klacon.com.br\/novo\/wp-json\/wp\/v2\/users\/3"}],"replies":[{"embeddable":true,"href":"https:\/\/klacon.com.br\/novo\/wp-json\/wp\/v2\/comments?post=176"}],"version-history":[{"count":15,"href":"https:\/\/klacon.com.br\/novo\/wp-json\/wp\/v2\/pages\/176\/revisions"}],"predecessor-version":[{"id":4459,"href":"https:\/\/klacon.com.br\/novo\/wp-json\/wp\/v2\/pages\/176\/revisions\/4459"}],"up":[{"embeddable":true,"href":"https:\/\/klacon.com.br\/novo\/wp-json\/wp\/v2\/pages\/19"}],"wp:attachment":[{"href":"https:\/\/klacon.com.br\/novo\/wp-json\/wp\/v2\/media?parent=176"}],"curies":[{"name":"wp","href":"https:\/\/api.w.org\/{rel}","templated":true}]}}