{"id":17,"date":"2019-02-19T14:42:28","date_gmt":"2019-02-19T14:42:28","guid":{"rendered":"https:\/\/klacon.com.br\/novo\/?page_id=17"},"modified":"2024-10-17T13:16:35","modified_gmt":"2024-10-17T13:16:35","slug":"obras-em-andamento","status":"publish","type":"page","link":"https:\/\/klacon.com.br\/novo\/obras-em-andamento\/","title":{"rendered":"Obras em Andamento &#8211; OLD"},"content":{"rendered":"<p>[vc_row][vc_column][vc_column_text animation_duration=&#8221;1&#8243; animation_delay=&#8221;0&#8243;]<\/p>\n<h2>Enredo Riachuelo 201<\/h2>\n<p>[\/vc_column_text][vc_empty_space][\/vc_column][\/vc_row][vc_row][vc_column width=&#8221;1\/4&#8243;][vc_single_image image=&#8221;2650&#8243; img_size=&#8221;full&#8221; animation_duration=&#8221;1&#8243; animation_delay=&#8221;0&#8243;][\/vc_column][vc_column width=&#8221;3\/4&#8243;][vc_column_text animation_duration=&#8221;1&#8243; animation_delay=&#8221;0&#8243;]<\/p>\n<h4>Apartamentos tipo studio de 25 a 33 m\u00b2 e coberturas.<br \/>\nRooftop com piscina, espa\u00e7o multiuso (coworking e \u00e1rea gourmet) e fitness.<\/h4>\n<p>[\/vc_column_text][vc_empty_space][vc_row_inner][vc_column_inner width=&#8221;1\/2&#8243;][zad_icon_box icon_type=&#8221;custom&#8221; icon_img=&#8221;75&#8243; img_width=&#8221;25&#8243; title=&#8221;Rua do Riachuelo, 201&#8243; animation_duration=&#8221;1&#8243; animation_delay=&#8221;0&#8243; title_font_container=&#8221;h5&#8243;][\/zad_icon_box][zad_icon_box icon_type=&#8221;custom&#8221; icon_img=&#8221;72&#8243; img_width=&#8221;25&#8243; title=&#8221;117 studios&#8221; animation_duration=&#8221;1&#8243; animation_delay=&#8221;0&#8243; title_font_container=&#8221;h5&#8243;][\/zad_icon_box][\/vc_column_inner][vc_column_inner width=&#8221;1\/2&#8243;][zad_icon_box icon_type=&#8221;custom&#8221; icon_img=&#8221;73&#8243; img_width=&#8221;25&#8243; title=&#8221;Rooftop, lounge interno e externo&#8221; animation_duration=&#8221;1&#8243; animation_delay=&#8221;0&#8243; title_font_container=&#8221;h5&#8243;][\/zad_icon_box][\/vc_column_inner][\/vc_row_inner][\/vc_column][\/vc_row][vc_row][vc_column]<div id=\"kp_button_69f5ba89ec097\" class=\"kp_button-wrapper kp_button-align-right\"><a  style=\"background: #55c0c2;color: #ffffff; \" data-bg-color=\"#55c0c2\" data-text-color=\"#ffffff\" data-hover-bg-color=\"#ffffff\" data-hover-text-color=\"#55c0c2\" class=\"button kp_button no-transition  kp_button-md kp_button-rounded \" href=\"https:\/\/klacon.com.br\/novo\/obras-em-andamento\/enredo_riachuelo_201\/\" title=\"Enredo Riachuelo 201\" target=\"_self\"><span class=\"btn_text\"> fotos da obra<\/span><\/a><\/div>\n\t<style scoped>\r\n#kp_button_69f5ba89ec097 a.kp_button-outlined , #kp_button_69f5ba89ec097 a.kp_button-round_outlined ,#kp_button_69f5ba89ec097 a.kp_button-square_outlined {border:2px solid ;}\r\n#kp_button_69f5ba89ec097 .kp_button-underline::after {background-color:#55c0c2!important;}\r\n<\/style>[vc_separator color=&#8221;custom&#8221; accent_color=&#8221;#52c3c4&#8243;][\/vc_column][\/vc_row][vc_row][vc_column][vc_column_text animation_duration=&#8221;1&#8243; animation_delay=&#8221;0&#8243;]<\/p>\n<h2>Ed. Pallazzo Dalmazzo<\/h2>\n<p>[\/vc_column_text][vc_empty_space][\/vc_column][\/vc_row][vc_row][vc_column width=&#8221;1\/4&#8243;][vc_single_image image=&#8221;2516&#8243; img_size=&#8221;full&#8221; animation_duration=&#8221;1&#8243; animation_delay=&#8221;0&#8243;][\/vc_column][vc_column width=&#8221;3\/4&#8243;][vc_column_text animation_duration=&#8221;1&#8243; animation_delay=&#8221;0&#8243;]<\/p>\n<h4>Apartamentos tipo studio de 45 m\u00b2 e apartamentos tipo garden de at\u00e9 70 m\u00b2.<br \/>\nRooftop com spa, espa\u00e7o multiuso (coworking e \u00e1rea gourmet) e fitness.<\/h4>\n<p>[\/vc_column_text][vc_empty_space][vc_row_inner][vc_column_inner width=&#8221;1\/2&#8243;][zad_icon_box icon_type=&#8221;custom&#8221; icon_img=&#8221;75&#8243; img_width=&#8221;25&#8243; title=&#8221;Rua Paissandu, 210 &#8211; Flamengo&#8221; animation_duration=&#8221;1&#8243; animation_delay=&#8221;0&#8243; title_font_container=&#8221;h5&#8243;][\/zad_icon_box][zad_icon_box icon_type=&#8221;custom&#8221; icon_img=&#8221;72&#8243; img_width=&#8221;25&#8243; title=&#8221;20 studios&#8221; animation_duration=&#8221;1&#8243; animation_delay=&#8221;0&#8243; title_font_container=&#8221;h5&#8243;][\/zad_icon_box][\/vc_column_inner][vc_column_inner width=&#8221;1\/2&#8243;][zad_icon_box icon_type=&#8221;custom&#8221; icon_img=&#8221;73&#8243; img_width=&#8221;25&#8243; title=&#8221;Rooftop, lounge interno e externo&#8221; animation_duration=&#8221;1&#8243; animation_delay=&#8221;0&#8243; title_font_container=&#8221;h5&#8243;][\/zad_icon_box][\/vc_column_inner][\/vc_row_inner][\/vc_column][\/vc_row][vc_row][vc_column]<div id=\"kp_button_69f5ba89ec161\" class=\"kp_button-wrapper kp_button-align-right\"><a  style=\"background: #55c0c2;color: #ffffff; \" data-bg-color=\"#55c0c2\" data-text-color=\"#ffffff\" data-hover-bg-color=\"#ffffff\" data-hover-text-color=\"#55c0c2\" class=\"button kp_button no-transition  kp_button-md kp_button-rounded \" href=\"https:\/\/klacon.com.br\/novo\/obras-em-andamento\/ed-pallazzo-dalmazzo\/\" title=\"\" target=\"_self\"><span class=\"btn_text\"> fotos da obra<\/span><\/a><\/div>\n\t<style scoped>\r\n#kp_button_69f5ba89ec161 a.kp_button-outlined , #kp_button_69f5ba89ec161 a.kp_button-round_outlined ,#kp_button_69f5ba89ec161 a.kp_button-square_outlined {border:2px solid ;}\r\n#kp_button_69f5ba89ec161 .kp_button-underline::after {background-color:#55c0c2!important;}\r\n<\/style>[vc_separator color=&#8221;custom&#8221; accent_color=&#8221;#52c3c4&#8243;][\/vc_column][\/vc_row][vc_row][vc_column][vc_column_text animation_duration=&#8221;1&#8243; animation_delay=&#8221;0&#8243;]<\/p>\n<h2>Fazenda Marambaia &#8211; Casas<\/h2>\n<p>[\/vc_column_text][vc_empty_space][\/vc_column][\/vc_row][vc_row][vc_column width=&#8221;1\/4&#8243;][vc_single_image image=&#8221;2517&#8243; img_size=&#8221;full&#8221; animation_duration=&#8221;1&#8243; animation_delay=&#8221;0&#8243;][\/vc_column][vc_column width=&#8221;3\/4&#8243;][vc_column_text animation_duration=&#8221;1&#8243; animation_delay=&#8221;0&#8243;]<\/p>\n<h4>Constru\u00e7\u00e3o de casas de luxo na hist\u00f3rica Fazenda Marambaia em Corr\u00eaas, Petr\u00f3polis.<\/h4>\n<p>[\/vc_column_text][vc_empty_space][vc_row_inner][vc_column_inner width=&#8221;1\/2&#8243;][zad_icon_box icon_type=&#8221;custom&#8221; icon_img=&#8221;75&#8243; img_width=&#8221;25&#8243; title=&#8221;Rua Doutor Agostinho Goul\u00e3o, 2098 &#8211; Corr\u00eaas, Petr\u00f3polis&#8221; animation_duration=&#8221;1&#8243; animation_delay=&#8221;0&#8243; title_font_container=&#8221;h5&#8243;][\/zad_icon_box][zad_icon_box icon_type=&#8221;custom&#8221; icon_img=&#8221;72&#8243; img_width=&#8221;25&#8243; title=&#8221;9 casas em constru\u00e7\u00e3o e clube&#8221; animation_duration=&#8221;1&#8243; animation_delay=&#8221;0&#8243; title_font_container=&#8221;h5&#8243;][\/zad_icon_box][\/vc_column_inner][vc_column_inner width=&#8221;1\/2&#8243;][zad_icon_box icon_type=&#8221;custom&#8221; icon_img=&#8221;73&#8243; img_width=&#8221;25&#8243; title=&#8221;Clube com estrutura completa&#8221; animation_duration=&#8221;1&#8243; animation_delay=&#8221;0&#8243; title_font_container=&#8221;h5&#8243;][\/zad_icon_box][zad_icon_box icon_type=&#8221;custom&#8221; icon_img=&#8221;74&#8243; img_width=&#8221;25&#8243; title=&#8221;Estacionamento&#8221; animation_duration=&#8221;1&#8243; animation_delay=&#8221;0&#8243; title_font_container=&#8221;h5&#8243;][\/zad_icon_box][\/vc_column_inner][\/vc_row_inner][\/vc_column][\/vc_row][vc_row][vc_column]<div id=\"kp_button_69f5ba89ec1fb\" class=\"kp_button-wrapper kp_button-align-right\"><a  style=\"background: #55c0c2;color: #ffffff; \" data-bg-color=\"#55c0c2\" data-text-color=\"#ffffff\" data-hover-bg-color=\"#ffffff\" data-hover-text-color=\"#55c0c2\" class=\"button kp_button no-transition  kp_button-md kp_button-rounded \" href=\"https:\/\/klacon.com.br\/novo\/obras-em-andamento\/fazenda-marambaia\/\" title=\"\" target=\"_self\"><span class=\"btn_text\"> fotos da obra<\/span><\/a><\/div>\n\t<style scoped>\r\n#kp_button_69f5ba89ec1fb a.kp_button-outlined , #kp_button_69f5ba89ec1fb a.kp_button-round_outlined ,#kp_button_69f5ba89ec1fb a.kp_button-square_outlined {border:2px solid ;}\r\n#kp_button_69f5ba89ec1fb .kp_button-underline::after {background-color:#55c0c2!important;}\r\n<\/style>[vc_separator color=&#8221;custom&#8221; accent_color=&#8221;#52c3c4&#8243;][\/vc_column][\/vc_row][vc_row][vc_column][vc_column_text animation_duration=&#8221;1&#8243; animation_delay=&#8221;0&#8243;]<\/p>\n<h2>Fazenda Marambaia &#8211; Clube<\/h2>\n<p>[\/vc_column_text][vc_empty_space][\/vc_column][\/vc_row][vc_row][vc_column width=&#8221;1\/4&#8243;][vc_single_image image=&#8221;2641&#8243; img_size=&#8221;full&#8221; animation_duration=&#8221;1&#8243; animation_delay=&#8221;0&#8243;][\/vc_column][vc_column width=&#8221;3\/4&#8243;][vc_column_text animation_duration=&#8221;1&#8243; animation_delay=&#8221;0&#8243;]<\/p>\n<h4>Constru\u00e7\u00e3o do clube na hist\u00f3rica Fazenda Marambaia em Corr\u00eaas, Petr\u00f3polis.<\/h4>\n<p>[\/vc_column_text][vc_empty_space][vc_row_inner][vc_column_inner width=&#8221;1\/2&#8243;][zad_icon_box icon_type=&#8221;custom&#8221; icon_img=&#8221;75&#8243; img_width=&#8221;25&#8243; title=&#8221;Rua Doutor Agostinho Goul\u00e3o, 2098 &#8211; Corr\u00eaas, Petr\u00f3polis&#8221; animation_duration=&#8221;1&#8243; animation_delay=&#8221;0&#8243; title_font_container=&#8221;h5&#8243;][\/zad_icon_box][zad_icon_box icon_type=&#8221;custom&#8221; icon_img=&#8221;72&#8243; img_width=&#8221;25&#8243; title=&#8221;9 casas em constru\u00e7\u00e3o e clube&#8221; animation_duration=&#8221;1&#8243; animation_delay=&#8221;0&#8243; title_font_container=&#8221;h5&#8243;][\/zad_icon_box][\/vc_column_inner][vc_column_inner width=&#8221;1\/2&#8243;][zad_icon_box icon_type=&#8221;custom&#8221; icon_img=&#8221;73&#8243; img_width=&#8221;25&#8243; title=&#8221;Clube com estrutura completa&#8221; animation_duration=&#8221;1&#8243; animation_delay=&#8221;0&#8243; title_font_container=&#8221;h5&#8243;][\/zad_icon_box][zad_icon_box icon_type=&#8221;custom&#8221; icon_img=&#8221;74&#8243; img_width=&#8221;25&#8243; title=&#8221;Estacionamento&#8221; animation_duration=&#8221;1&#8243; animation_delay=&#8221;0&#8243; title_font_container=&#8221;h5&#8243;][\/zad_icon_box][\/vc_column_inner][\/vc_row_inner][\/vc_column][\/vc_row][vc_row][vc_column]<div id=\"kp_button_69f5ba89ec297\" class=\"kp_button-wrapper kp_button-align-right\"><a  style=\"background: #55c0c2;color: #ffffff; \" data-bg-color=\"#55c0c2\" data-text-color=\"#ffffff\" data-hover-bg-color=\"#ffffff\" data-hover-text-color=\"#55c0c2\" class=\"button kp_button no-transition  kp_button-md kp_button-rounded \" href=\"https:\/\/klacon.com.br\/novo\/obras-em-andamento\/fazenda-marambaia\/\" title=\"\" target=\"_self\"><span class=\"btn_text\"> fotos da obra<\/span><\/a><\/div>\n\t<style scoped>\r\n#kp_button_69f5ba89ec297 a.kp_button-outlined , #kp_button_69f5ba89ec297 a.kp_button-round_outlined ,#kp_button_69f5ba89ec297 a.kp_button-square_outlined {border:2px solid ;}\r\n#kp_button_69f5ba89ec297 .kp_button-underline::after {background-color:#55c0c2!important;}\r\n<\/style>[vc_separator color=&#8221;custom&#8221; accent_color=&#8221;#52c3c4&#8243;][\/vc_column][\/vc_row][vc_row][vc_column][vc_column_text animation_duration=&#8221;1&#8243; animation_delay=&#8221;0&#8243;]<\/p>\n<h2>Kaasas &#8211; Pedra da G\u00e1vea<\/h2>\n<p>[\/vc_column_text][vc_empty_space][\/vc_column][\/vc_row][vc_row][vc_column width=&#8221;1\/4&#8243;][vc_single_image image=&#8221;2517&#8243; img_size=&#8221;full&#8221; animation_duration=&#8221;1&#8243; animation_delay=&#8221;0&#8243;][\/vc_column][vc_column width=&#8221;3\/4&#8243;][vc_column_text animation_duration=&#8221;1&#8243; animation_delay=&#8221;0&#8243;]<\/p>\n<h4>Constru\u00e7\u00e3o de casas de luxo e clube do empreendimento Kaasas, localizado na Barrinha.<\/h4>\n<p>[\/vc_column_text][vc_empty_space][vc_row_inner][vc_column_inner width=&#8221;1\/2&#8243;][zad_icon_box icon_type=&#8221;custom&#8221; icon_img=&#8221;75&#8243; img_width=&#8221;25&#8243; title=&#8221;Estr. Sorim\u00e3, 459 &#8211; Barra da Tijuca&#8221; animation_duration=&#8221;1&#8243; animation_delay=&#8221;0&#8243; title_text_typography=&#8221;&#8221; title_font_container=&#8221;h5&#8243; desc_text_typography=&#8221;&#8221;][\/zad_icon_box][zad_icon_box icon_type=&#8221;custom&#8221; icon_img=&#8221;72&#8243; img_width=&#8221;25&#8243; title=&#8221;22 casas em constru\u00e7\u00e3o e clube&#8221; animation_duration=&#8221;1&#8243; animation_delay=&#8221;0&#8243; title_text_typography=&#8221;&#8221; title_font_container=&#8221;h5&#8243; desc_text_typography=&#8221;&#8221;][\/zad_icon_box][\/vc_column_inner][vc_column_inner width=&#8221;1\/2&#8243;][zad_icon_box icon_type=&#8221;custom&#8221; icon_img=&#8221;73&#8243; img_width=&#8221;25&#8243; title=&#8221;Clube com estrutura completa&#8221; animation_duration=&#8221;1&#8243; animation_delay=&#8221;0&#8243; title_font_container=&#8221;h5&#8243;][\/zad_icon_box][zad_icon_box icon_type=&#8221;custom&#8221; icon_img=&#8221;74&#8243; img_width=&#8221;25&#8243; title=&#8221;Estacionamento&#8221; animation_duration=&#8221;1&#8243; animation_delay=&#8221;0&#8243; title_font_container=&#8221;h5&#8243;][\/zad_icon_box][\/vc_column_inner][\/vc_row_inner][\/vc_column][\/vc_row][vc_row][vc_column]<div id=\"kp_button_69f5ba89ec327\" class=\"kp_button-wrapper kp_button-align-right\"><a  style=\"background: #55c0c2;color: #ffffff; \" data-bg-color=\"#55c0c2\" data-text-color=\"#ffffff\" data-hover-bg-color=\"#ffffff\" data-hover-text-color=\"#55c0c2\" class=\"button kp_button no-transition  kp_button-md kp_button-rounded \" href=\"https:\/\/klacon.com.br\/novo\/obras-em-andamento\/kaasas\/\" title=\"Kaasas\" target=\"_self\"><span class=\"btn_text\"> fotos da obra<\/span><\/a><\/div>\n\t<style scoped>\r\n#kp_button_69f5ba89ec327 a.kp_button-outlined , #kp_button_69f5ba89ec327 a.kp_button-round_outlined ,#kp_button_69f5ba89ec327 a.kp_button-square_outlined {border:2px solid ;}\r\n#kp_button_69f5ba89ec327 .kp_button-underline::after {background-color:#55c0c2!important;}\r\n<\/style>[vc_separator color=&#8221;custom&#8221; accent_color=&#8221;#52c3c4&#8243;][\/vc_column][\/vc_row][vc_row][vc_column][vc_column_text animation_duration=&#8221;1&#8243; animation_delay=&#8221;0&#8243;]<\/p>\n<h2>Tangram<\/h2>\n<p>[\/vc_column_text][vc_empty_space][\/vc_column][\/vc_row][vc_row][vc_column width=&#8221;1\/4&#8243;][vc_single_image image=&#8221;2514&#8243; img_size=&#8221;full&#8221; animation_duration=&#8221;1&#8243; animation_delay=&#8221;0&#8243;][\/vc_column][vc_column width=&#8221;3\/4&#8243;][vc_column_text animation_duration=&#8221;1&#8243; animation_delay=&#8221;0&#8243;]<\/p>\n<h4>05 Apartamentos de 134,06m\u00b2 com\u00a04 quartos (3 suites + smart espace), sala, banheiro social e varanda gourmet.<\/h4>\n<p>[\/vc_column_text][vc_empty_space][vc_row_inner][vc_column_inner width=&#8221;1\/2&#8243;][zad_icon_box icon_type=&#8221;custom&#8221; icon_img=&#8221;75&#8243; img_width=&#8221;25&#8243; title=&#8221;Rua Assun\u00e7\u00e3o, 220 &#8211; Botafogo&#8221; animation_duration=&#8221;1&#8243; animation_delay=&#8221;0&#8243; title_font_container=&#8221;h5&#8243;][\/zad_icon_box][zad_icon_box icon_type=&#8221;custom&#8221; icon_img=&#8221;72&#8243; img_width=&#8221;25&#8243; title=&#8221;5 apartamentos&#8221; animation_duration=&#8221;1&#8243; animation_delay=&#8221;0&#8243; title_font_container=&#8221;h5&#8243;][\/zad_icon_box][\/vc_column_inner][vc_column_inner width=&#8221;1\/2&#8243;][zad_icon_box icon_type=&#8221;custom&#8221; icon_img=&#8221;73&#8243; img_width=&#8221;25&#8243; title=&#8221;Sal\u00e3o de festas, sauna, fitness, brinquedoteca e lounge externo&#8221; animation_duration=&#8221;1&#8243; animation_delay=&#8221;0&#8243; title_font_container=&#8221;h5&#8243;][\/zad_icon_box][zad_icon_box icon_type=&#8221;custom&#8221; icon_img=&#8221;74&#8243; img_width=&#8221;25&#8243; title=&#8221;Estacionamento&#8221; animation_duration=&#8221;1&#8243; animation_delay=&#8221;0&#8243; title_font_container=&#8221;h5&#8243;][\/zad_icon_box][\/vc_column_inner][\/vc_row_inner][\/vc_column][\/vc_row][vc_row][vc_column]<div id=\"kp_button_69f5ba89ec3b0\" class=\"kp_button-wrapper kp_button-align-right\"><a  style=\"background: #55c0c2;color: #ffffff; \" data-bg-color=\"#55c0c2\" data-text-color=\"#ffffff\" data-hover-bg-color=\"#ffffff\" data-hover-text-color=\"#55c0c2\" class=\"button kp_button no-transition  kp_button-md kp_button-rounded \" href=\"https:\/\/klacon.com.br\/novo\/obras-em-andamento\/tangram\/\" title=\"\" target=\"_self\"><span class=\"btn_text\"> fotos da obra<\/span><\/a><\/div>\n\t<style scoped>\r\n#kp_button_69f5ba89ec3b0 a.kp_button-outlined , #kp_button_69f5ba89ec3b0 a.kp_button-round_outlined ,#kp_button_69f5ba89ec3b0 a.kp_button-square_outlined {border:2px solid ;}\r\n#kp_button_69f5ba89ec3b0 .kp_button-underline::after {background-color:#55c0c2!important;}\r\n<\/style>[vc_separator color=&#8221;custom&#8221; accent_color=&#8221;#52c3c4&#8243;][\/vc_column][\/vc_row][vc_row][vc_column][vc_column_text animation_duration=&#8221;1&#8243; animation_delay=&#8221;0&#8243;]<\/p>\n<h2>Marina Piraquara &#8211; casa 20<\/h2>\n<p>[\/vc_column_text][vc_empty_space][\/vc_column][\/vc_row][vc_row][vc_column width=&#8221;1\/4&#8243;][vc_single_image image=&#8221;2518&#8243; img_size=&#8221;full&#8221; animation_duration=&#8221;1&#8243; animation_delay=&#8221;0&#8243;][\/vc_column][vc_column width=&#8221;3\/4&#8243;][vc_column_text animation_duration=&#8221;1&#8243; animation_delay=&#8221;0&#8243;]<\/p>\n<h4>Condom\u00ednio com casas de 500 m\u00b2 com 5 suites, mans\u00e3o \u00e0 beira do mar com 1.000 m\u00b2 e piers para embarca\u00e7\u00f5es de at\u00e9 100 p\u00e9s.<\/h4>\n<p>[\/vc_column_text][vc_empty_space][vc_row_inner][vc_column_inner width=&#8221;1\/2&#8243;][zad_icon_box icon_type=&#8221;custom&#8221; icon_img=&#8221;75&#8243; img_width=&#8221;25&#8243; title=&#8221;Saco de Piraquara de Dentro, Angra dos Reis&#8221; animation_duration=&#8221;1&#8243; animation_delay=&#8221;0&#8243; title_font_container=&#8221;h5&#8243;][\/zad_icon_box][zad_icon_box icon_type=&#8221;custom&#8221; icon_img=&#8221;72&#8243; img_width=&#8221;25&#8243; title=&#8221;27 casas&#8221; animation_duration=&#8221;1&#8243; animation_delay=&#8221;0&#8243; title_font_container=&#8221;h5&#8243;][\/zad_icon_box][\/vc_column_inner][vc_column_inner width=&#8221;1\/2&#8243;][zad_icon_box icon_type=&#8221;custom&#8221; icon_img=&#8221;73&#8243; img_width=&#8221;25&#8243; title=&#8221;Deck, piscina com borda infinita e vista deslumbrante&#8221; animation_duration=&#8221;1&#8243; animation_delay=&#8221;0&#8243; title_font_container=&#8221;h5&#8243;][\/zad_icon_box][zad_icon_box icon_type=&#8221;custom&#8221; icon_img=&#8221;74&#8243; img_width=&#8221;25&#8243; title=&#8221;Estacionamento&#8221; animation_duration=&#8221;1&#8243; animation_delay=&#8221;0&#8243; title_font_container=&#8221;h5&#8243;][\/zad_icon_box][\/vc_column_inner][\/vc_row_inner][\/vc_column][\/vc_row][vc_row][vc_column]<div id=\"kp_button_69f5ba89ec41f\" class=\"kp_button-wrapper kp_button-align-right\"><a  style=\"background: #55c0c2;color: #ffffff; \" data-bg-color=\"#55c0c2\" data-text-color=\"#ffffff\" data-hover-bg-color=\"#ffffff\" data-hover-text-color=\"#55c0c2\" class=\"button kp_button no-transition  kp_button-md kp_button-rounded \" href=\"https:\/\/klacon.com.br\/novo\/obras-em-andamento\/porto-piraquara\/\" title=\"\" target=\"_self\"><span class=\"btn_text\"> fotos da obra<\/span><\/a><\/div>\n\t<style scoped>\r\n#kp_button_69f5ba89ec41f a.kp_button-outlined , #kp_button_69f5ba89ec41f a.kp_button-round_outlined ,#kp_button_69f5ba89ec41f a.kp_button-square_outlined {border:2px solid ;}\r\n#kp_button_69f5ba89ec41f .kp_button-underline::after {background-color:#55c0c2!important;}\r\n<\/style>[vc_separator color=&#8221;custom&#8221; accent_color=&#8221;#52c3c4&#8243;][\/vc_column][\/vc_row][vc_row][vc_column][vc_empty_space][\/vc_column][\/vc_row]<\/p>\n","protected":false},"excerpt":{"rendered":"<p>[vc_row][vc_column][vc_column_text animation_duration=&#8221;1&#8243; animation_delay=&#8221;0&#8243;] Enredo Riachuelo 201 [\/vc_column_text][vc_empty_space][\/vc_column][\/vc_row][vc_row][vc_column width=&#8221;1\/4&#8243;][vc_single_image image=&#8221;2650&#8243; img_size=&#8221;full&#8221; animation_duration=&#8221;1&#8243; animation_delay=&#8221;0&#8243;][\/vc_column][vc_column width=&#8221;3\/4&#8243;][vc_column_text animation_duration=&#8221;1&#8243; animation_delay=&#8221;0&#8243;] Apartamentos tipo studio de 25 a 33 m\u00b2 e coberturas. Rooftop com piscina, espa\u00e7o multiuso (coworking e \u00e1rea gourmet) e fitness. [\/vc_column_text][vc_empty_space][vc_row_inner][vc_column_inner width=&#8221;1\/2&#8243;][zad_icon_box icon_type=&#8221;custom&#8221; icon_img=&#8221;75&#8243; img_width=&#8221;25&#8243; title=&#8221;Rua do Riachuelo, 201&#8243; animation_duration=&#8221;1&#8243; animation_delay=&#8221;0&#8243; title_font_container=&#8221;h5&#8243;][\/zad_icon_box][zad_icon_box icon_type=&#8221;custom&#8221; icon_img=&#8221;72&#8243; img_width=&#8221;25&#8243; title=&#8221;117 studios&#8221; animation_duration=&#8221;1&#8243; animation_delay=&#8221;0&#8243;&#8230;<\/p>\n","protected":false},"author":3,"featured_media":0,"parent":0,"menu_order":0,"comment_status":"closed","ping_status":"closed","template":"","meta":{"footnotes":""},"class_list":["post-17","page","type-page","status-publish","hentry"],"_links":{"self":[{"href":"https:\/\/klacon.com.br\/novo\/wp-json\/wp\/v2\/pages\/17"}],"collection":[{"href":"https:\/\/klacon.com.br\/novo\/wp-json\/wp\/v2\/pages"}],"about":[{"href":"https:\/\/klacon.com.br\/novo\/wp-json\/wp\/v2\/types\/page"}],"author":[{"embeddable":true,"href":"https:\/\/klacon.com.br\/novo\/wp-json\/wp\/v2\/users\/3"}],"replies":[{"embeddable":true,"href":"https:\/\/klacon.com.br\/novo\/wp-json\/wp\/v2\/comments?post=17"}],"version-history":[{"count":61,"href":"https:\/\/klacon.com.br\/novo\/wp-json\/wp\/v2\/pages\/17\/revisions"}],"predecessor-version":[{"id":3372,"href":"https:\/\/klacon.com.br\/novo\/wp-json\/wp\/v2\/pages\/17\/revisions\/3372"}],"wp:attachment":[{"href":"https:\/\/klacon.com.br\/novo\/wp-json\/wp\/v2\/media?parent=17"}],"curies":[{"name":"wp","href":"https:\/\/api.w.org\/{rel}","templated":true}]}}