{"id":167,"date":"2019-03-13T18:29:49","date_gmt":"2019-03-13T18:29:49","guid":{"rendered":"https:\/\/klacon.com.br\/novo\/?page_id=167"},"modified":"2025-07-09T14:42:42","modified_gmt":"2025-07-09T14:42:42","slug":"imoveis-venda","status":"publish","type":"page","link":"https:\/\/klacon.com.br\/novo\/imoveis-venda\/","title":{"rendered":"Im\u00f3veis a Venda"},"content":{"rendered":"<p>[vc_row][vc_column][vc_empty_space][\/vc_column][\/vc_row][vc_row][vc_column width=&#8221;1\/4&#8243;][vc_single_image image=&#8221;42&#8243; img_size=&#8221;full&#8221; alignment=&#8221;center&#8221; onclick=&#8221;custom_link&#8221; animation_duration=&#8221;1&#8243; animation_delay=&#8221;0&#8243; link=&#8221;https:\/\/klacon.com.br\/novo\/imoveis-venda\/prime-tijuca\/&#8221;][vc_column_text animation_duration=&#8221;1&#8243; animation_delay=&#8221;0&#8243;]<\/p>\n<h4 style=\"text-align: center;\"><a href=\"https:\/\/klacon.com.br\/novo\/imoveis-venda\/prime-tijuca\/\">Tijuca Prime<\/a><\/h4>\n<p>[\/vc_column_text][\/vc_column][vc_column width=&#8221;1\/4&#8243;][vc_single_image image=&#8221;41&#8243; img_size=&#8221;full&#8221; alignment=&#8221;center&#8221; onclick=&#8221;custom_link&#8221; animation_duration=&#8221;1&#8243; animation_delay=&#8221;0&#8243; link=&#8221;https:\/\/klacon.com.br\/novo\/imoveis-venda\/petropolis-green-offices\/&#8221;][vc_column_text animation_duration=&#8221;1&#8243; animation_delay=&#8221;0&#8243;]<\/p>\n<h4 style=\"text-align: center;\"><a href=\"https:\/\/klacon.com.br\/novo\/imoveis-venda\/petropolis-green-offices\/\">Petr\u00f3polis Green Offices<\/a><\/h4>\n<p>[\/vc_column_text][\/vc_column][\/vc_row][vc_row][vc_column][vc_empty_space][vc_text_separator title=&#8221;FALE CONOSCO&#8221; border_width=&#8221;2&#8243;][vc_column_text animation_duration=&#8221;1&#8243; animation_delay=&#8221;0&#8243;]<\/p>\n<p style=\"text-align: center;\">Quer mais informa\u00e7\u00f5es sobre um dos nossos im\u00f3veis a venda? Mande-nos uma mensagem utilizando o formul\u00e1rio abaixo.<\/p>\n<p>[\/vc_column_text]\n<div class=\"wpcf7 no-js\" id=\"wpcf7-f6-o1\" lang=\"pt-BR\" dir=\"ltr\" data-wpcf7-id=\"6\">\n<div class=\"screen-reader-response\"><p role=\"status\" aria-live=\"polite\" aria-atomic=\"true\"><\/p> <ul><\/ul><\/div>\n<form action=\"\/novo\/wp-json\/wp\/v2\/pages\/167#wpcf7-f6-o1\" method=\"post\" class=\"wpcf7-form init\" aria-label=\"Formul\u00e1rios de contato\" novalidate=\"novalidate\" data-status=\"init\">\n<div style=\"display: none;\">\n<input type=\"hidden\" name=\"_wpcf7\" value=\"6\" \/>\n<input type=\"hidden\" name=\"_wpcf7_version\" value=\"6.0.3\" \/>\n<input type=\"hidden\" name=\"_wpcf7_locale\" value=\"pt_BR\" \/>\n<input type=\"hidden\" name=\"_wpcf7_unit_tag\" value=\"wpcf7-f6-o1\" \/>\n<input type=\"hidden\" name=\"_wpcf7_container_post\" value=\"0\" \/>\n<input type=\"hidden\" name=\"_wpcf7_posted_data_hash\" value=\"\" \/>\n<\/div>\n<p><label>Nome<br \/>\n<span class=\"wpcf7-form-control-wrap\" data-name=\"your-name\"><input size=\"40\" maxlength=\"400\" class=\"wpcf7-form-control wpcf7-text wpcf7-validates-as-required\" aria-required=\"true\" aria-invalid=\"false\" value=\"\" type=\"text\" name=\"your-name\" \/><\/span> <\/label>\n<\/p>\n<p><label>E-mail<br \/>\n<span class=\"wpcf7-form-control-wrap\" data-name=\"your-email\"><input size=\"40\" maxlength=\"400\" class=\"wpcf7-form-control wpcf7-email wpcf7-validates-as-required wpcf7-text wpcf7-validates-as-email\" aria-required=\"true\" aria-invalid=\"false\" value=\"\" type=\"email\" name=\"your-email\" \/><\/span> <\/label>\n<\/p>\n<p><label>Assunto<br \/>\n<span class=\"wpcf7-form-control-wrap\" data-name=\"your-subject\"><input size=\"40\" maxlength=\"400\" class=\"wpcf7-form-control wpcf7-text wpcf7-validates-as-required\" aria-required=\"true\" aria-invalid=\"false\" value=\"\" type=\"text\" name=\"your-subject\" \/><\/span> <\/label>\n<\/p>\n<p><label>Mensagem<br \/>\n<span class=\"wpcf7-form-control-wrap\" data-name=\"your-message\"><textarea cols=\"40\" rows=\"10\" maxlength=\"2000\" class=\"wpcf7-form-control wpcf7-textarea wpcf7-validates-as-required\" aria-required=\"true\" aria-invalid=\"false\" name=\"your-message\"><\/textarea><\/span> <\/label>\n<\/p>\n<p><label><br \/>\n<a href=\"https:\/\/klacon.com.br\/novo\/politica-de-privacidade\"><br \/>\n<span class=\"wpcf7-form-control-wrap\" data-name=\"termos\"><span class=\"wpcf7-form-control wpcf7-checkbox wpcf7-validates-as-required\"><span class=\"wpcf7-list-item first last\"><input type=\"checkbox\" name=\"termos[]\" value=\"Li e aceito os termos e a Pol\u00edtica de Privacidade.*\" \/><span class=\"wpcf7-list-item-label\">Li e aceito os termos e a Pol\u00edtica de Privacidade.*<\/span><\/span><\/span><\/span><br \/>\n<\/a><br \/>\n<\/label>\n<\/p>\n<p><input class=\"wpcf7-form-control wpcf7-submit has-spinner\" type=\"submit\" value=\"Enviar\" \/>\n<\/p><div class=\"wpcf7-response-output\" aria-hidden=\"true\"><\/div>\n<\/form>\n<\/div>\n[\/vc_column][\/vc_row]<\/p>\n","protected":false},"excerpt":{"rendered":"<p>[vc_row][vc_column][vc_empty_space][\/vc_column][\/vc_row][vc_row][vc_column width=&#8221;1\/4&#8243;][vc_single_image image=&#8221;42&#8243; img_size=&#8221;full&#8221; alignment=&#8221;center&#8221; onclick=&#8221;custom_link&#8221; animation_duration=&#8221;1&#8243; animation_delay=&#8221;0&#8243; link=&#8221;https:\/\/klacon.com.br\/novo\/imoveis-venda\/prime-tijuca\/&#8221;][vc_column_text animation_duration=&#8221;1&#8243; animation_delay=&#8221;0&#8243;] Tijuca Prime [\/vc_column_text][\/vc_column][vc_column width=&#8221;1\/4&#8243;][vc_single_image image=&#8221;41&#8243; img_size=&#8221;full&#8221; alignment=&#8221;center&#8221; onclick=&#8221;custom_link&#8221; animation_duration=&#8221;1&#8243; animation_delay=&#8221;0&#8243; link=&#8221;https:\/\/klacon.com.br\/novo\/imoveis-venda\/petropolis-green-offices\/&#8221;][vc_column_text animation_duration=&#8221;1&#8243; animation_delay=&#8221;0&#8243;] Petr\u00f3polis Green Offices [\/vc_column_text][\/vc_column][\/vc_row][vc_row][vc_column][vc_empty_space][vc_text_separator title=&#8221;FALE CONOSCO&#8221; border_width=&#8221;2&#8243;][vc_column_text animation_duration=&#8221;1&#8243; animation_delay=&#8221;0&#8243;] Quer mais informa\u00e7\u00f5es sobre um dos nossos im\u00f3veis a venda? Mande-nos uma mensagem utilizando o formul\u00e1rio abaixo. [\/vc_column_text][\/vc_column][\/vc_row]<\/p>\n","protected":false},"author":3,"featured_media":0,"parent":0,"menu_order":0,"comment_status":"closed","ping_status":"closed","template":"","meta":{"footnotes":""},"class_list":["post-167","page","type-page","status-publish","hentry"],"_links":{"self":[{"href":"https:\/\/klacon.com.br\/novo\/wp-json\/wp\/v2\/pages\/167"}],"collection":[{"href":"https:\/\/klacon.com.br\/novo\/wp-json\/wp\/v2\/pages"}],"about":[{"href":"https:\/\/klacon.com.br\/novo\/wp-json\/wp\/v2\/types\/page"}],"author":[{"embeddable":true,"href":"https:\/\/klacon.com.br\/novo\/wp-json\/wp\/v2\/users\/3"}],"replies":[{"embeddable":true,"href":"https:\/\/klacon.com.br\/novo\/wp-json\/wp\/v2\/comments?post=167"}],"version-history":[{"count":11,"href":"https:\/\/klacon.com.br\/novo\/wp-json\/wp\/v2\/pages\/167\/revisions"}],"predecessor-version":[{"id":4654,"href":"https:\/\/klacon.com.br\/novo\/wp-json\/wp\/v2\/pages\/167\/revisions\/4654"}],"wp:attachment":[{"href":"https:\/\/klacon.com.br\/novo\/wp-json\/wp\/v2\/media?parent=167"}],"curies":[{"name":"wp","href":"https:\/\/api.w.org\/{rel}","templated":true}]}}