{"id":13,"date":"2019-02-19T14:41:53","date_gmt":"2019-02-19T14:41:53","guid":{"rendered":"https:\/\/klacon.com.br\/novo\/?page_id=13"},"modified":"2025-02-06T18:10:28","modified_gmt":"2025-02-06T18:10:28","slug":"a-klacon","status":"publish","type":"page","link":"https:\/\/klacon.com.br\/novo\/a-klacon\/","title":{"rendered":"A Klacon"},"content":{"rendered":"<p>[vc_row][vc_column][vc_column_text animation_duration=&#8221;1&#8243; animation_delay=&#8221;0&#8243;]Nas linhas e detalhes de cada empreendimento transparece, nitidamente, a imagem da empresa que os ergueu.<\/p>\n<p>Desde o ano de 1981, a Klacon vem construindo edif\u00edcios residenciais, comerciais e industriais, shopping centers e casas, em todo o Estado do Rio de Janeiro.<\/p>\n<p>Conquistou em 2001 o Certificado ISO 9002 que confirma a excel\u00eancia da qualidade na execu\u00e7\u00e3o de seus empreendimentos.<\/p>\n<p>A nossa historia \u00e9 marcada pelo profissionalismo, dedica\u00e7\u00e3o e bom gosto. Ao longo destes 44 anos , a Klacon se tornou uma empresa moderna com aprimoramento tecnol\u00f3gico em todas as etapas de trabalho.<\/p>\n<p>Hoje tradi\u00e7\u00e3o e tecnologia est\u00e3o juntas para um futuro com muito mais sucesso e conquistas.[\/vc_column_text][vc_empty_space]<div id=\"kp_button_69f4f439579e7\" class=\"kp_button-wrapper kp_button-align-inline\"><a  style=\"background: #80bfc2;border-color: #80bfc2;color: #fff; \" data-bg-color=\"#80bfc2\" data-text-color=\"#fff\" data-hover-bg-color=\"#80bfc2\" data-hover-text-color=\"#fff\" class=\"button kp_button no-transition  kp_button-sm kp_button-rounded \" href=\"https:\/\/klacon.com.br\/novo\/contato\/\" title=\"\" target=\"_self\"><span class=\"btn_text\"> Fale Conosco<\/span><\/a><\/div>\n\t<style scoped>\r\n#kp_button_69f4f439579e7 a.kp_button-outlined , #kp_button_69f4f439579e7 a.kp_button-round_outlined ,#kp_button_69f4f439579e7 a.kp_button-square_outlined {border:2px solid ;}\r\n#kp_button_69f4f439579e7 .kp_button-underline::after {background-color:#fff!important;}\r\n<\/style>[\/vc_column][\/vc_row]<\/p>\n","protected":false},"excerpt":{"rendered":"<p>[vc_row][vc_column][vc_column_text animation_duration=&#8221;1&#8243; animation_delay=&#8221;0&#8243;]Nas linhas e detalhes de cada empreendimento transparece, nitidamente, a imagem da empresa que os ergueu. Desde o ano de 1981, a Klacon vem construindo edif\u00edcios residenciais, comerciais e industriais, shopping centers e casas, em todo o Estado do Rio de Janeiro. Conquistou em 2001 o Certificado ISO 9002 que confirma a excel\u00eancia&#8230;<\/p>\n","protected":false},"author":3,"featured_media":0,"parent":0,"menu_order":0,"comment_status":"closed","ping_status":"closed","template":"","meta":{"footnotes":""},"class_list":["post-13","page","type-page","status-publish","hentry"],"_links":{"self":[{"href":"https:\/\/klacon.com.br\/novo\/wp-json\/wp\/v2\/pages\/13"}],"collection":[{"href":"https:\/\/klacon.com.br\/novo\/wp-json\/wp\/v2\/pages"}],"about":[{"href":"https:\/\/klacon.com.br\/novo\/wp-json\/wp\/v2\/types\/page"}],"author":[{"embeddable":true,"href":"https:\/\/klacon.com.br\/novo\/wp-json\/wp\/v2\/users\/3"}],"replies":[{"embeddable":true,"href":"https:\/\/klacon.com.br\/novo\/wp-json\/wp\/v2\/comments?post=13"}],"version-history":[{"count":6,"href":"https:\/\/klacon.com.br\/novo\/wp-json\/wp\/v2\/pages\/13\/revisions"}],"predecessor-version":[{"id":4559,"href":"https:\/\/klacon.com.br\/novo\/wp-json\/wp\/v2\/pages\/13\/revisions\/4559"}],"wp:attachment":[{"href":"https:\/\/klacon.com.br\/novo\/wp-json\/wp\/v2\/media?parent=13"}],"curies":[{"name":"wp","href":"https:\/\/api.w.org\/{rel}","templated":true}]}}