{"id":1240,"date":"2019-05-11T01:15:49","date_gmt":"2019-05-11T01:15:49","guid":{"rendered":"https:\/\/klacon.com.br\/novo\/?page_id=1240"},"modified":"2019-05-11T01:15:49","modified_gmt":"2019-05-11T01:15:49","slug":"prestige-residence-service-2","status":"publish","type":"page","link":"https:\/\/klacon.com.br\/novo\/obras-realizadas\/prestige-residence-service-2\/","title":{"rendered":"Prestige Residence Service"},"content":{"rendered":"<p>[vc_row][vc_column width=&#8221;1\/4&#8243;][vc_single_image image=&#8221;1248&#8243; img_size=&#8221;full&#8221; animation_duration=&#8221;1&#8243; animation_delay=&#8221;0&#8243;][\/vc_column][vc_column width=&#8221;3\/4&#8243;][vc_row_inner][vc_column_inner][vc_column_text animation_duration=&#8221;1&#8243; animation_delay=&#8221;0&#8243;]Um modern\u00edssimo edif\u00edcio de frente para o mar, com servi\u00e7os otimizados para voc\u00ea viver com todas as praticidades, sem pagar mais por isso. S\u00e3o dois quartos com su\u00edte, living, varandas, cozinha americana, \u00e1rea de servi\u00e7o, estacionamento para dois carros e um acabamento de alt\u00edssimo n\u00edvel.<\/p>\n<p>E mais: sinuca inglesa, home theatre, garden grill, sal\u00e3o de festas, posto de lavanderia, arrumadeiras, faxineiras, moderno sistema PABX e ainda uma portaria centralizada, otimizando custos e oferecendo mais seguran\u00e7a.<\/p>\n<p>Dire\u00e7\u00e3o: siga pela orla mais bonita do Rio, aproveite as praias limpas e venha para o melhor ponto do Recreio.<\/p>\n<p>Conforto e sofistica\u00e7\u00e3o: 2 quartos com 1 su\u00edte, varandas, banheiro social, cozinha americana,\u00e1rea de servi\u00e7o \u2013 exclusividade em sua categoria.<\/p>\n<p>Acess\u00f3rios para o seu lazer: fitness center com aparelhos ergom\u00e9tricos, hidromassagem (\u00e1gua aquecida), sala de repouso, saunas secas e a vapor.<\/p>\n<ul>\n<li>Piscina e Deck Bar;<\/li>\n<li>Spa com Hidromassagem;<\/li>\n<li>Sauna Seca e a Vapor;<\/li>\n<li>Home Theatre;<\/li>\n<li>Coffe Shop;<\/li>\n<li>Sinuca Inglesa;<\/li>\n<li>Brinquedos High Tech;<\/li>\n<li>Sal\u00e3o de Recep\u00e7\u00f5es.<\/li>\n<\/ul>\n<p>[\/vc_column_text][\/vc_column_inner][\/vc_row_inner][vc_row_inner][vc_column_inner width=&#8221;1\/2&#8243;][zad_icon_box icon_type=&#8221;custom&#8221; icon_img=&#8221;219&#8243; img_width=&#8221;48&#8243; title=&#8221;Residencial&#8221; animation_duration=&#8221;1&#8243; animation_delay=&#8221;0&#8243; title_font_container=&#8221;h5&#8243;][\/zad_icon_box][zad_icon_box icon_type=&#8221;custom&#8221; icon_img=&#8221;220&#8243; img_width=&#8221;48&#8243; title=&#8221;6.047 m\u00b2&#8221; animation_duration=&#8221;1&#8243; animation_delay=&#8221;0&#8243; title_text_typography=&#8221;&#8221; title_font_container=&#8221;h5&#8243; desc_text_typography=&#8221;&#8221;][\/zad_icon_box][\/vc_column_inner][vc_column_inner width=&#8221;1\/2&#8243;][zad_icon_box icon_type=&#8221;custom&#8221; icon_img=&#8221;45&#8243; img_width=&#8221;48&#8243; title=&#8221;1\u00ba bloco com 30 e 2\u00ba bloco com 07&#8243; animation_duration=&#8221;1&#8243; animation_delay=&#8221;0&#8243; title_text_typography=&#8221;&#8221; title_font_container=&#8221;h5&#8243; desc_text_typography=&#8221;&#8221;][\/zad_icon_box][\/vc_column_inner][\/vc_row_inner][\/vc_column][\/vc_row][vc_row][vc_column][vc_text_separator title=&#8221;FOTOS DO EMPREENDIMENTO&#8221; color=&#8221;custom&#8221; border_width=&#8221;2&#8243; accent_color=&#8221;#52c3c4&#8243;][vc_empty_space]<div id=\"ult-carousel-66279147669f51f3c676bd\" class=\" ult-carousel-wrapper ult_horizontal\" data-gutter=\"15\"><div class=\"ult-carousel-74643038769f51f3c676b4 \">[vc_single_image image=&#8221;1247&#8243; onclick=&#8221;link_image&#8221; animation_duration=&#8221;1&#8243; animation_delay=&#8221;0&#8243;][vc_single_image image=&#8221;1246&#8243; onclick=&#8221;link_image&#8221; animation_duration=&#8221;1&#8243; animation_delay=&#8221;0&#8243;][vc_single_image image=&#8221;1245&#8243; onclick=&#8221;link_image&#8221; animation_duration=&#8221;1&#8243; animation_delay=&#8221;0&#8243;][vc_single_image image=&#8221;1244&#8243; onclick=&#8221;link_image&#8221; animation_duration=&#8221;1&#8243; animation_delay=&#8221;0&#8243;][vc_single_image image=&#8221;1243&#8243; onclick=&#8221;link_image&#8221; animation_duration=&#8221;1&#8243; animation_delay=&#8221;0&#8243;][vc_single_image image=&#8221;1242&#8243; onclick=&#8221;link_image&#8221; animation_duration=&#8221;1&#8243; animation_delay=&#8221;0&#8243;][vc_single_image image=&#8221;1241&#8243; onclick=&#8221;link_image&#8221; animation_duration=&#8221;1&#8243; animation_delay=&#8221;0&#8243;]<\/div><\/div>\r\n            <script type=\"text\/javascript\">\r\r\n\t\t\t\tjQuery(document).ready(function($){\r\r\n               \t\t$('.ult-carousel-74643038769f51f3c676b4').slick({dots: true,autoplaySpeed: 5000,speed: 300,infinite: false,arrows: true,nextArrow: '<button type=\"button\" style=\"color:#52c3c4; font-size:50px;\" class=\"slick-next default\"><i class=\"ultsl-arrow-right4\"><\/i><\/button>',prevArrow: '<button type=\"button\" style=\"color:#52c3c4; font-size:50px;\" class=\"slick-prev default\"><i class=\"ultsl-arrow-left4\"><\/i><\/button>',slidesToScroll:5,slidesToShow:5,swipe: true,draggable: true,touchMove: true,responsive: [\r\r\n\t\t\t\t\t\t\t{\r\r\n\t\t\t\t\t\t\t  breakpoint: 1025,\r\r\n\t\t\t\t\t\t\t  settings: {\r\r\n\t\t\t\t\t\t\t\tslidesToShow: 5,\r\r\n\t\t\t\t\t\t\t\tslidesToScroll: 5,\r\r\n\t\t\t\t\t\t\t\t\r\r\n\t\t\t\t\t\t\t\t\r\r\n\t\t\t\t\t\t\t  }\r\r\n\t\t\t\t\t\t\t},\r\r\n\t\t\t\t\t\t\t{\r\r\n\t\t\t\t\t\t\t  breakpoint: 769,\r\r\n\t\t\t\t\t\t\t  settings: {\r\r\n\t\t\t\t\t\t\t\tslidesToShow: 3,\r\r\n\t\t\t\t\t\t\t\tslidesToScroll: 3\r\r\n\t\t\t\t\t\t\t  }\r\r\n\t\t\t\t\t\t\t},\r\r\n\t\t\t\t\t\t\t{\r\r\n\t\t\t\t\t\t\t  breakpoint: 481,\r\r\n\t\t\t\t\t\t\t  settings: {\r\r\n\t\t\t\t\t\t\t\tslidesToShow: 2,\r\r\n\t\t\t\t\t\t\t\tslidesToScroll: 2\r\r\n\t\t\t\t\t\t\t  }\r\r\n\t\t\t\t\t\t\t}\r\r\n\t\t\t\t\t\t],pauseOnHover: true,\r\r\n\t\t\t\t\t\tpauseOnDotsHover: true,customPaging: function(slider, i) {\r\r\n                   return '<i type=\"button\" style=\"color:#333333;\" class=\"ultsl-record\" data-role=\"none\"><\/i>';\r\r\n                },});\r\r\n\t\t\t\t});\r\r\n\t\t\t<\/script>\r\r\n            [vc_empty_space][\/vc_column][\/vc_row][vc_row][vc_column][vc_text_separator title=&#8221;MAPA DA LOCALIZA\u00c7\u00c3O&#8221; color=&#8221;custom&#8221; border_width=&#8221;2&#8243; accent_color=&#8221;#52c3c4&#8243;][vc_empty_space][vc_column_text animation_duration=&#8221;1&#8243; animation_delay=&#8221;0&#8243;]<iframe loading=\"lazy\" style=\"border: 0;\" src=\"https:\/\/www.google.com\/maps\/embed?pb=!1m14!1m8!1m3!1d7344.062379275641!2d-43.450142!3d-23.022627!3m2!1i1024!2i768!4f13.1!3m3!1m2!1s0x9bdd2ca02593cf%3A0x7ab04794c851c402!2sAv.+L%C3%BAcio+Costa%2C+15700+-+Recreio+dos+Bandeirantes%2C+Rio+de+Janeiro+-+RJ%2C+22795-006!5e0!3m2!1spt-BR!2sbr!4v1557537326691!5m2!1spt-BR!2sbr\" width=\"100%\" height=\"450\" frameborder=\"0\" allowfullscreen=\"allowfullscreen\"><\/iframe>[\/vc_column_text][\/vc_column][\/vc_row]<\/p>\n","protected":false},"excerpt":{"rendered":"<p>[vc_row][vc_column width=&#8221;1\/4&#8243;][vc_single_image image=&#8221;1248&#8243; img_size=&#8221;full&#8221; animation_duration=&#8221;1&#8243; animation_delay=&#8221;0&#8243;][\/vc_column][vc_column width=&#8221;3\/4&#8243;][vc_row_inner][vc_column_inner][vc_column_text animation_duration=&#8221;1&#8243; animation_delay=&#8221;0&#8243;]Um modern\u00edssimo edif\u00edcio de frente para o mar, com servi\u00e7os otimizados para voc\u00ea viver com todas as praticidades, sem pagar mais por isso. S\u00e3o dois quartos com su\u00edte, living, varandas, cozinha americana, \u00e1rea de servi\u00e7o, estacionamento para dois carros e um acabamento de alt\u00edssimo n\u00edvel. E mais:&#8230;<\/p>\n","protected":false},"author":3,"featured_media":0,"parent":19,"menu_order":0,"comment_status":"closed","ping_status":"closed","template":"","meta":{"footnotes":""},"class_list":["post-1240","page","type-page","status-publish","hentry"],"_links":{"self":[{"href":"https:\/\/klacon.com.br\/novo\/wp-json\/wp\/v2\/pages\/1240"}],"collection":[{"href":"https:\/\/klacon.com.br\/novo\/wp-json\/wp\/v2\/pages"}],"about":[{"href":"https:\/\/klacon.com.br\/novo\/wp-json\/wp\/v2\/types\/page"}],"author":[{"embeddable":true,"href":"https:\/\/klacon.com.br\/novo\/wp-json\/wp\/v2\/users\/3"}],"replies":[{"embeddable":true,"href":"https:\/\/klacon.com.br\/novo\/wp-json\/wp\/v2\/comments?post=1240"}],"version-history":[{"count":1,"href":"https:\/\/klacon.com.br\/novo\/wp-json\/wp\/v2\/pages\/1240\/revisions"}],"predecessor-version":[{"id":1249,"href":"https:\/\/klacon.com.br\/novo\/wp-json\/wp\/v2\/pages\/1240\/revisions\/1249"}],"up":[{"embeddable":true,"href":"https:\/\/klacon.com.br\/novo\/wp-json\/wp\/v2\/pages\/19"}],"wp:attachment":[{"href":"https:\/\/klacon.com.br\/novo\/wp-json\/wp\/v2\/media?parent=1240"}],"curies":[{"name":"wp","href":"https:\/\/api.w.org\/{rel}","templated":true}]}}