{"id":1219,"date":"2019-05-10T23:29:41","date_gmt":"2019-05-10T23:29:41","guid":{"rendered":"https:\/\/klacon.com.br\/novo\/?page_id=1219"},"modified":"2019-05-10T23:29:41","modified_gmt":"2019-05-10T23:29:41","slug":"centro-de-estudos-paroquiais-2","status":"publish","type":"page","link":"https:\/\/klacon.com.br\/novo\/obras-realizadas\/centro-de-estudos-paroquiais-2\/","title":{"rendered":"Centro de Estudos Paroquiais"},"content":{"rendered":"<p>[vc_row][vc_column width=&#8221;1\/4&#8243;][vc_single_image image=&#8221;1220&#8243; img_size=&#8221;full&#8221; animation_duration=&#8221;1&#8243; animation_delay=&#8221;0&#8243;][\/vc_column][vc_column width=&#8221;3\/4&#8243;][vc_row_inner][vc_column_inner][vc_column_text animation_duration=&#8221;1&#8243; animation_delay=&#8221;0&#8243;]O CEPAR (Centro de Estudos Paroquial Nossa Senhora de Loreto), inaugurado em Maio de 2000, uma \u00e1rea constru\u00edda de cerca de 3000 m2, \u00e9 um complexo com 15 salas de aula com 30 lugares cada uma, um plen\u00e1rio para cerca de 120 participantes, um sal\u00e3o para festas e eventos abrigando 50 mesas redondas de 6 lugares, sem preju\u00edzo da pista de dan\u00e7a e a varanda que circunda o sal\u00e3o que pode abrigar 20 mesas redondas de 6 lugares. Portanto, cerca de 420 pessoas podem desfrutar dos eventos no sal\u00e3o.[\/vc_column_text][vc_empty_space][\/vc_column_inner][\/vc_row_inner][vc_row_inner][vc_column_inner width=&#8221;1\/2&#8243;][zad_icon_box icon_type=&#8221;custom&#8221; icon_img=&#8221;219&#8243; img_width=&#8221;48&#8243; title=&#8221;Comercial&#8221; animation_duration=&#8221;1&#8243; animation_delay=&#8221;0&#8243; title_text_typography=&#8221;&#8221; title_font_container=&#8221;h5&#8243; desc_text_typography=&#8221;&#8221;][\/zad_icon_box][\/vc_column_inner][vc_column_inner width=&#8221;1\/2&#8243;][zad_icon_box icon_type=&#8221;custom&#8221; icon_img=&#8221;220&#8243; img_width=&#8221;48&#8243; title=&#8221;2.854 m\u00b2&#8221; animation_duration=&#8221;1&#8243; animation_delay=&#8221;0&#8243; title_text_typography=&#8221;&#8221; title_font_container=&#8221;h5&#8243; desc_text_typography=&#8221;&#8221;][\/zad_icon_box][\/vc_column_inner][\/vc_row_inner][\/vc_column][\/vc_row][vc_row][vc_column][vc_text_separator title=&#8221;MAPA DA LOCALIZA\u00c7\u00c3O&#8221; color=&#8221;custom&#8221; border_width=&#8221;2&#8243; accent_color=&#8221;#52c3c4&#8243;][vc_empty_space][vc_column_text animation_duration=&#8221;1&#8243; animation_delay=&#8221;0&#8243;]<iframe loading=\"lazy\" style=\"border: 0;\" src=\"https:\/\/www.google.com\/maps\/embed?pb=!1m14!1m8!1m3!1d7348.588824346548!2d-43.346327!3d-22.939382000000002!3m2!1i1024!2i768!4f13.1!3m3!1m2!1s0x9bd836627ff51d%3A0x6878cd36f1b7dc58!2sLadeira+da+Freguesia%2C+250+-+Freguesia+(Jacarepagu%C3%A1)%2C+Rio+de+Janeiro+-+RJ%2C+22750-008!5e0!3m2!1spt-BR!2sbr!4v1557530951645!5m2!1spt-BR!2sbr\" width=\"100%\" height=\"450\" frameborder=\"0\" allowfullscreen=\"allowfullscreen\"><\/iframe>[\/vc_column_text][\/vc_column][\/vc_row]<\/p>\n","protected":false},"excerpt":{"rendered":"<p>[vc_row][vc_column width=&#8221;1\/4&#8243;][vc_single_image image=&#8221;1220&#8243; img_size=&#8221;full&#8221; animation_duration=&#8221;1&#8243; animation_delay=&#8221;0&#8243;][\/vc_column][vc_column width=&#8221;3\/4&#8243;][vc_row_inner][vc_column_inner][vc_column_text animation_duration=&#8221;1&#8243; animation_delay=&#8221;0&#8243;]O CEPAR (Centro de Estudos Paroquial Nossa Senhora de Loreto), inaugurado em Maio de 2000, uma \u00e1rea constru\u00edda de cerca de 3000 m2, \u00e9 um complexo com 15 salas de aula com 30 lugares cada uma, um plen\u00e1rio para cerca de 120 participantes, um sal\u00e3o para festas&#8230;<\/p>\n","protected":false},"author":3,"featured_media":0,"parent":19,"menu_order":0,"comment_status":"closed","ping_status":"closed","template":"","meta":{"footnotes":""},"class_list":["post-1219","page","type-page","status-publish","hentry"],"_links":{"self":[{"href":"https:\/\/klacon.com.br\/novo\/wp-json\/wp\/v2\/pages\/1219"}],"collection":[{"href":"https:\/\/klacon.com.br\/novo\/wp-json\/wp\/v2\/pages"}],"about":[{"href":"https:\/\/klacon.com.br\/novo\/wp-json\/wp\/v2\/types\/page"}],"author":[{"embeddable":true,"href":"https:\/\/klacon.com.br\/novo\/wp-json\/wp\/v2\/users\/3"}],"replies":[{"embeddable":true,"href":"https:\/\/klacon.com.br\/novo\/wp-json\/wp\/v2\/comments?post=1219"}],"version-history":[{"count":1,"href":"https:\/\/klacon.com.br\/novo\/wp-json\/wp\/v2\/pages\/1219\/revisions"}],"predecessor-version":[{"id":1221,"href":"https:\/\/klacon.com.br\/novo\/wp-json\/wp\/v2\/pages\/1219\/revisions\/1221"}],"up":[{"embeddable":true,"href":"https:\/\/klacon.com.br\/novo\/wp-json\/wp\/v2\/pages\/19"}],"wp:attachment":[{"href":"https:\/\/klacon.com.br\/novo\/wp-json\/wp\/v2\/media?parent=1219"}],"curies":[{"name":"wp","href":"https:\/\/api.w.org\/{rel}","templated":true}]}}